{"id":1831,"date":"2017-05-13T11:24:57","date_gmt":"2017-05-13T09:24:57","guid":{"rendered":"https:\/\/globalportequipment.es\/empresa\/nosotros-y-nuestro-objetivo\/"},"modified":"2020-03-11T12:29:01","modified_gmt":"2020-03-11T11:29:01","slug":"nos-e-o-nosso-objectivo","status":"publish","type":"page","link":"https:\/\/globalportequipment.es\/pt-pt\/empresa\/nos-e-o-nosso-objectivo\/","title":{"rendered":"N\u00f3s e o nosso objectivo"},"content":{"rendered":"<h2>Quem \u00e9 a Global Port Equipment?<\/h2>\n<p>A Global Port Equipment \u00e9 especializada na venda, aluguer, pe\u00e7as e manuten\u00e7\u00e3o de contentores especiais e equipamentos de movimenta\u00e7\u00e3o de reboques. Temos filiais no Panam\u00e1 e na Col\u00f4mbia, embora operemos em todo o mundo.<\/p>\n<p>Trabalhamos exclusivamente com marcas l\u00edderes na ind\u00fastria e prestamos servi\u00e7os de p\u00f3s-venda. Sabemos muito bem como \u00e9 importante obter o equipamento portu\u00e1rio certo e mant\u00ea-lo em excelentes condi\u00e7\u00f5es de trabalho, por isso vamos ajud\u00e1-lo a garantir que o seu neg\u00f3cio funcione sem interrup\u00e7\u00f5es.<\/p>\n<p>A Global Port Equipment \u00e9 uma distribuidora de marcas como:<\/p>\n<p>Konecranes: empilhadores SMV, guindastes telesc\u00f3picos, manipuladores de contentores vazios e empilhadores especiais.<\/p>\n<p>Terberg: rebocadores e ve\u00edculos especiais.<\/p>\n<p>Seacom: semi-reboques de leito baixo, esqueletos, porta-contentores, pesco\u00e7os de ganso e prateleiras de armazenamento.<\/p>\n<p>Stinis: guindastes basculantes e empilhadores de lan\u00e7a telesc\u00f3picos<\/p>\n<p>Forkliftcenter: equipamentos usados de movimenta\u00e7\u00e3o de materiais, incluindo empilhadores com capacidade at\u00e9 10 toneladas, bem como equipamentos usados com capacidade at\u00e9 45 toneladas de marcas como Kalmar, Konecranes, Hyster, Terex, Fantuzzi, Terberg, Mafi e Seacom<\/p>\n<h2>O objectivo da Global Port Equipment<\/h2>\n<p>Prestar servi\u00e7os especializados localmente, com o apoio dos principais fabricantes do mundo. Nossa equipe inclui mec\u00e2nicos altamente qualificados com ampla experi\u00eancia em todos os tipos de manuseio de cont\u00eaineres e outros equipamentos de manuseio de materiais.<\/p>\n<p>Nosso n\u00edvel de servi\u00e7o \u00e9 consistente em todo o mundo: onde quer que voc\u00ea esteja, n\u00f3s responderemos rapidamente para que voc\u00ea tenha o equipamento que precisa. Caso surja um problema, temos um servi\u00e7o de atendimento ao cliente abrangente para garantir que voc\u00ea tenha o menor tempo parado poss\u00edvel. Para isso, oferecemos-lhe acesso directo a pe\u00e7as sobressalentes para todos os equipamentos com os quais trabalhamos, al\u00e9m da nossa equipa de mec\u00e2nicos de emerg\u00eancia que se encarregar\u00e1 da manuten\u00e7\u00e3o e repara\u00e7\u00e3o nas suas instala\u00e7\u00f5es.<\/p>\n<p>A gama de marcas l\u00edderes e o n\u00edvel de servi\u00e7o p\u00f3s-venda que oferecemos mostra que temos a capacidade e as condi\u00e7\u00f5es para sermos o seu parceiro de servi\u00e7o completo para equipamentos de movimenta\u00e7\u00e3o de contentores e reboques.<\/p>\n","protected":false},"excerpt":{"rendered":"<p>Quem \u00e9 a Global Port Equipment? A Global Port Equipment \u00e9 especializada na venda, aluguer, pe\u00e7as e manuten\u00e7\u00e3o de contentores especiais e equipamentos de movimenta\u00e7\u00e3o de reboques. Temos filiais no Panam\u00e1 e na Col\u00f4mbia, embora operemos em todo o mundo. Trabalhamos exclusivamente com marcas l\u00edderes na ind\u00fastria e prestamos servi\u00e7os de p\u00f3s-venda. Sabemos muito bem [&hellip;]<\/p>\n","protected":false},"author":1,"featured_media":1594,"parent":1828,"menu_order":0,"comment_status":"closed","ping_status":"closed","template":"","meta":{"_acf_changed":false,"footnotes":""},"class_list":["post-1831","page","type-page","status-publish","has-post-thumbnail","hentry"],"acf":[],"yoast_head":"<!-- This site is optimized with the Yoast SEO plugin v27.4 - https:\/\/yoast.com\/product\/yoast-seo-wordpress\/ -->\n<title>N\u00f3s e o nosso objectivo - Global Port Equipment<\/title>\n<meta name=\"robots\" content=\"index, follow, max-snippet:-1, max-image-preview:large, max-video-preview:-1\" \/>\n<link rel=\"canonical\" href=\"https:\/\/globalportequipment.es\/pt-pt\/empresa\/nos-e-o-nosso-objectivo\/\" \/>\n<meta property=\"og:locale\" content=\"pt_PT\" \/>\n<meta property=\"og:type\" content=\"article\" \/>\n<meta property=\"og:title\" content=\"N\u00f3s e o nosso objectivo - Global Port Equipment\" \/>\n<meta property=\"og:description\" content=\"Quem \u00e9 a Global Port Equipment? A Global Port Equipment \u00e9 especializada na venda, aluguer, pe\u00e7as e manuten\u00e7\u00e3o de contentores especiais e equipamentos de movimenta\u00e7\u00e3o de reboques. Temos filiais no Panam\u00e1 e na Col\u00f4mbia, embora operemos em todo o mundo. Trabalhamos exclusivamente com marcas l\u00edderes na ind\u00fastria e prestamos servi\u00e7os de p\u00f3s-venda. Sabemos muito bem [&hellip;]\" \/>\n<meta property=\"og:url\" content=\"https:\/\/globalportequipment.es\/pt-pt\/empresa\/nos-e-o-nosso-objectivo\/\" \/>\n<meta property=\"og:site_name\" content=\"Global Port Equipment\" \/>\n<meta property=\"article:modified_time\" content=\"2020-03-11T11:29:01+00:00\" \/>\n<meta property=\"og:image\" content=\"https:\/\/globalportequipment.es\/wp-content\/uploads\/2017\/05\/who.jpg\" \/>\n\t<meta property=\"og:image:width\" content=\"970\" \/>\n\t<meta property=\"og:image:height\" content=\"348\" \/>\n\t<meta property=\"og:image:type\" content=\"image\/jpeg\" \/>\n<meta name=\"twitter:card\" content=\"summary_large_image\" \/>\n<meta name=\"twitter:label1\" content=\"Tempo estimado de leitura\" \/>\n\t<meta name=\"twitter:data1\" content=\"2 minutos\" \/>\n<script type=\"application\/ld+json\" class=\"yoast-schema-graph\">{\"@context\":\"https:\\\/\\\/schema.org\",\"@graph\":[{\"@type\":\"WebPage\",\"@id\":\"https:\\\/\\\/globalportequipment.es\\\/pt-pt\\\/empresa\\\/nos-e-o-nosso-objectivo\\\/\",\"url\":\"https:\\\/\\\/globalportequipment.es\\\/pt-pt\\\/empresa\\\/nos-e-o-nosso-objectivo\\\/\",\"name\":\"N\u00f3s e o nosso objectivo - Global Port Equipment\",\"isPartOf\":{\"@id\":\"https:\\\/\\\/globalportequipment.es\\\/#website\"},\"primaryImageOfPage\":{\"@id\":\"https:\\\/\\\/globalportequipment.es\\\/pt-pt\\\/empresa\\\/nos-e-o-nosso-objectivo\\\/#primaryimage\"},\"image\":{\"@id\":\"https:\\\/\\\/globalportequipment.es\\\/pt-pt\\\/empresa\\\/nos-e-o-nosso-objectivo\\\/#primaryimage\"},\"thumbnailUrl\":\"https:\\\/\\\/globalportequipment.es\\\/wp-content\\\/uploads\\\/2017\\\/05\\\/who.jpg\",\"datePublished\":\"2017-05-13T09:24:57+00:00\",\"dateModified\":\"2020-03-11T11:29:01+00:00\",\"breadcrumb\":{\"@id\":\"https:\\\/\\\/globalportequipment.es\\\/pt-pt\\\/empresa\\\/nos-e-o-nosso-objectivo\\\/#breadcrumb\"},\"inLanguage\":\"pt-PT\",\"potentialAction\":[{\"@type\":\"ReadAction\",\"target\":[\"https:\\\/\\\/globalportequipment.es\\\/pt-pt\\\/empresa\\\/nos-e-o-nosso-objectivo\\\/\"]}]},{\"@type\":\"ImageObject\",\"inLanguage\":\"pt-PT\",\"@id\":\"https:\\\/\\\/globalportequipment.es\\\/pt-pt\\\/empresa\\\/nos-e-o-nosso-objectivo\\\/#primaryimage\",\"url\":\"https:\\\/\\\/globalportequipment.es\\\/wp-content\\\/uploads\\\/2017\\\/05\\\/who.jpg\",\"contentUrl\":\"https:\\\/\\\/globalportequipment.es\\\/wp-content\\\/uploads\\\/2017\\\/05\\\/who.jpg\",\"width\":970,\"height\":348},{\"@type\":\"BreadcrumbList\",\"@id\":\"https:\\\/\\\/globalportequipment.es\\\/pt-pt\\\/empresa\\\/nos-e-o-nosso-objectivo\\\/#breadcrumb\",\"itemListElement\":[{\"@type\":\"ListItem\",\"position\":1,\"name\":\"Home\",\"item\":\"https:\\\/\\\/globalportequipment.es\\\/pt-pt\\\/\"},{\"@type\":\"ListItem\",\"position\":2,\"name\":\"Empresa\",\"item\":\"https:\\\/\\\/globalportequipment.es\\\/pt-pt\\\/empresa\\\/\"},{\"@type\":\"ListItem\",\"position\":3,\"name\":\"N\u00f3s e o nosso objectivo\"}]},{\"@type\":\"WebSite\",\"@id\":\"https:\\\/\\\/globalportequipment.es\\\/#website\",\"url\":\"https:\\\/\\\/globalportequipment.es\\\/\",\"name\":\"Global Port Equipment\",\"description\":\"Container handling equipment and special trailers\",\"publisher\":{\"@id\":\"https:\\\/\\\/globalportequipment.es\\\/#organization\"},\"potentialAction\":[{\"@type\":\"SearchAction\",\"target\":{\"@type\":\"EntryPoint\",\"urlTemplate\":\"https:\\\/\\\/globalportequipment.es\\\/?s={search_term_string}\"},\"query-input\":{\"@type\":\"PropertyValueSpecification\",\"valueRequired\":true,\"valueName\":\"search_term_string\"}}],\"inLanguage\":\"pt-PT\"},{\"@type\":\"Organization\",\"@id\":\"https:\\\/\\\/globalportequipment.es\\\/#organization\",\"name\":\"Global Port Equipment\",\"url\":\"https:\\\/\\\/globalportequipment.es\\\/\",\"logo\":{\"@type\":\"ImageObject\",\"inLanguage\":\"pt-PT\",\"@id\":\"https:\\\/\\\/globalportequipment.es\\\/#\\\/schema\\\/logo\\\/image\\\/\",\"url\":\"https:\\\/\\\/globalportequipment.es\\\/wp-content\\\/uploads\\\/2019\\\/10\\\/GPELogo.jpg\",\"contentUrl\":\"https:\\\/\\\/globalportequipment.es\\\/wp-content\\\/uploads\\\/2019\\\/10\\\/GPELogo.jpg\",\"width\":919,\"height\":370,\"caption\":\"Global Port Equipment\"},\"image\":{\"@id\":\"https:\\\/\\\/globalportequipment.es\\\/#\\\/schema\\\/logo\\\/image\\\/\"}}]}<\/script>\n<!-- \/ Yoast SEO plugin. -->","yoast_head_json":{"title":"N\u00f3s e o nosso objectivo - Global Port Equipment","robots":{"index":"index","follow":"follow","max-snippet":"max-snippet:-1","max-image-preview":"max-image-preview:large","max-video-preview":"max-video-preview:-1"},"canonical":"https:\/\/globalportequipment.es\/pt-pt\/empresa\/nos-e-o-nosso-objectivo\/","og_locale":"pt_PT","og_type":"article","og_title":"N\u00f3s e o nosso objectivo - Global Port Equipment","og_description":"Quem \u00e9 a Global Port Equipment? A Global Port Equipment \u00e9 especializada na venda, aluguer, pe\u00e7as e manuten\u00e7\u00e3o de contentores especiais e equipamentos de movimenta\u00e7\u00e3o de reboques. Temos filiais no Panam\u00e1 e na Col\u00f4mbia, embora operemos em todo o mundo. Trabalhamos exclusivamente com marcas l\u00edderes na ind\u00fastria e prestamos servi\u00e7os de p\u00f3s-venda. Sabemos muito bem [&hellip;]","og_url":"https:\/\/globalportequipment.es\/pt-pt\/empresa\/nos-e-o-nosso-objectivo\/","og_site_name":"Global Port Equipment","article_modified_time":"2020-03-11T11:29:01+00:00","og_image":[{"width":970,"height":348,"url":"https:\/\/globalportequipment.es\/wp-content\/uploads\/2017\/05\/who.jpg","type":"image\/jpeg"}],"twitter_card":"summary_large_image","twitter_misc":{"Tempo estimado de leitura":"2 minutos"},"schema":{"@context":"https:\/\/schema.org","@graph":[{"@type":"WebPage","@id":"https:\/\/globalportequipment.es\/pt-pt\/empresa\/nos-e-o-nosso-objectivo\/","url":"https:\/\/globalportequipment.es\/pt-pt\/empresa\/nos-e-o-nosso-objectivo\/","name":"N\u00f3s e o nosso objectivo - Global Port Equipment","isPartOf":{"@id":"https:\/\/globalportequipment.es\/#website"},"primaryImageOfPage":{"@id":"https:\/\/globalportequipment.es\/pt-pt\/empresa\/nos-e-o-nosso-objectivo\/#primaryimage"},"image":{"@id":"https:\/\/globalportequipment.es\/pt-pt\/empresa\/nos-e-o-nosso-objectivo\/#primaryimage"},"thumbnailUrl":"https:\/\/globalportequipment.es\/wp-content\/uploads\/2017\/05\/who.jpg","datePublished":"2017-05-13T09:24:57+00:00","dateModified":"2020-03-11T11:29:01+00:00","breadcrumb":{"@id":"https:\/\/globalportequipment.es\/pt-pt\/empresa\/nos-e-o-nosso-objectivo\/#breadcrumb"},"inLanguage":"pt-PT","potentialAction":[{"@type":"ReadAction","target":["https:\/\/globalportequipment.es\/pt-pt\/empresa\/nos-e-o-nosso-objectivo\/"]}]},{"@type":"ImageObject","inLanguage":"pt-PT","@id":"https:\/\/globalportequipment.es\/pt-pt\/empresa\/nos-e-o-nosso-objectivo\/#primaryimage","url":"https:\/\/globalportequipment.es\/wp-content\/uploads\/2017\/05\/who.jpg","contentUrl":"https:\/\/globalportequipment.es\/wp-content\/uploads\/2017\/05\/who.jpg","width":970,"height":348},{"@type":"BreadcrumbList","@id":"https:\/\/globalportequipment.es\/pt-pt\/empresa\/nos-e-o-nosso-objectivo\/#breadcrumb","itemListElement":[{"@type":"ListItem","position":1,"name":"Home","item":"https:\/\/globalportequipment.es\/pt-pt\/"},{"@type":"ListItem","position":2,"name":"Empresa","item":"https:\/\/globalportequipment.es\/pt-pt\/empresa\/"},{"@type":"ListItem","position":3,"name":"N\u00f3s e o nosso objectivo"}]},{"@type":"WebSite","@id":"https:\/\/globalportequipment.es\/#website","url":"https:\/\/globalportequipment.es\/","name":"Global Port Equipment","description":"Container handling equipment and special trailers","publisher":{"@id":"https:\/\/globalportequipment.es\/#organization"},"potentialAction":[{"@type":"SearchAction","target":{"@type":"EntryPoint","urlTemplate":"https:\/\/globalportequipment.es\/?s={search_term_string}"},"query-input":{"@type":"PropertyValueSpecification","valueRequired":true,"valueName":"search_term_string"}}],"inLanguage":"pt-PT"},{"@type":"Organization","@id":"https:\/\/globalportequipment.es\/#organization","name":"Global Port Equipment","url":"https:\/\/globalportequipment.es\/","logo":{"@type":"ImageObject","inLanguage":"pt-PT","@id":"https:\/\/globalportequipment.es\/#\/schema\/logo\/image\/","url":"https:\/\/globalportequipment.es\/wp-content\/uploads\/2019\/10\/GPELogo.jpg","contentUrl":"https:\/\/globalportequipment.es\/wp-content\/uploads\/2019\/10\/GPELogo.jpg","width":919,"height":370,"caption":"Global Port Equipment"},"image":{"@id":"https:\/\/globalportequipment.es\/#\/schema\/logo\/image\/"}}]}},"_links":{"self":[{"href":"https:\/\/globalportequipment.es\/pt-pt\/wp-json\/wp\/v2\/pages\/1831","targetHints":{"allow":["GET"]}}],"collection":[{"href":"https:\/\/globalportequipment.es\/pt-pt\/wp-json\/wp\/v2\/pages"}],"about":[{"href":"https:\/\/globalportequipment.es\/pt-pt\/wp-json\/wp\/v2\/types\/page"}],"author":[{"embeddable":true,"href":"https:\/\/globalportequipment.es\/pt-pt\/wp-json\/wp\/v2\/users\/1"}],"replies":[{"embeddable":true,"href":"https:\/\/globalportequipment.es\/pt-pt\/wp-json\/wp\/v2\/comments?post=1831"}],"version-history":[{"count":2,"href":"https:\/\/globalportequipment.es\/pt-pt\/wp-json\/wp\/v2\/pages\/1831\/revisions"}],"predecessor-version":[{"id":1833,"href":"https:\/\/globalportequipment.es\/pt-pt\/wp-json\/wp\/v2\/pages\/1831\/revisions\/1833"}],"up":[{"embeddable":true,"href":"https:\/\/globalportequipment.es\/pt-pt\/wp-json\/wp\/v2\/pages\/1828"}],"wp:featuredmedia":[{"embeddable":true,"href":"https:\/\/globalportequipment.es\/pt-pt\/wp-json\/wp\/v2\/media\/1594"}],"wp:attachment":[{"href":"https:\/\/globalportequipment.es\/pt-pt\/wp-json\/wp\/v2\/media?parent=1831"}],"curies":[{"name":"wp","href":"https:\/\/api.w.org\/{rel}","templated":true}]}}