{"id":1835,"date":"2017-05-13T11:26:06","date_gmt":"2017-05-13T09:26:06","guid":{"rendered":"https:\/\/globalportequipment.es\/consecionarios\/"},"modified":"2020-03-11T12:35:21","modified_gmt":"2020-03-11T11:35:21","slug":"membros-do-conselho","status":"publish","type":"page","link":"https:\/\/globalportequipment.es\/pt-pt\/membros-do-conselho\/","title":{"rendered":"Membros do conselho"},"content":{"rendered":"<p><strong>A Global Port Equipment \u00e9 um distribuidor oficial dos principais fabricantes da ind\u00fastria portu\u00e1ria mundial.\u00a0<\/strong><\/p>\n<h2>Konecranes<\/h2>\n<p>A Konecranes \u00e9 uma empresa finlandesa, especializada na fabrica\u00e7\u00e3o de guindastes e empilhadeiras. \u00c9 um dos maiores fabricantes mundiais de guindastes e equipamentos portu\u00e1rios, assim como terminais a granel e terminais intermodais.\u00a0A sua especializa\u00e7\u00e3o \u00e9 em empilhadores para contentores cheios e vazios com capacidade de 10-60 toneladas e gruas telesc\u00f3picas.<\/p>\n<h2>Terberg<\/h2>\n<p>A Terberg \u00e9 um fabricante holand\u00eas de tractores-reboques e ve\u00edculos especiais. \u00c9 uma das empresas mais antigas do sector, com um historial de mais de 145 anos.\u00a0\u00c9 especializada em rebocadores roll-on\/roll-off, rebocadores de praia e terminais, transporte de carrocerias swap, rebocadores rodovi\u00e1rios e ferrovi\u00e1rios, ve\u00edculos espec\u00edficos para engenharia civil e rebocadores de plataforma.<\/p>\n<h2>Stinis<\/h2>\n<p>A Stinis \u00e9 um fabricante l\u00edder mundial de equipamentos de movimenta\u00e7\u00e3o e eleva\u00e7\u00e3o de contentores. H\u00e1 50 anos que fornece equipamento a v\u00e1rios portos em todo o mundo.\u00a0Especialista em p\u00f3rticos de cais, balancins Split-Headblock, balancins de praia, empilhadores, guindastes m\u00f3veis portu\u00e1rios, balancins fixos, etc.<\/p>\n<h2>Seacom<\/h2>\n<p>A Seacom \u00e9 um dos principais fabricantes de equipamentos de transporte pesado para portos e v\u00e1rias ind\u00fastrias. A sua sede est\u00e1 localizada na Su\u00ed\u00e7a e fornece equipamentos h\u00e1 40 anos. Oferecemos uma grande variedade de produtos, incluindo reboques de plataforma baixa, semi-reboques de plataforma baixa, esqueletos, porta-contentores, pesco\u00e7os de ganso e prateleiras de armazenamento.<\/p>\n<h2>Forkliftcenter<\/h2>\n<p>Global Port Equipment \u00e9 um distribuidor da Forkliftcenter, o principal fornecedor independente de empilhadeiras novas e usadas. Com sede na Holanda, a empresa opera a n\u00edvel mundial com uma vasta gama de equipamentos usados de alta qualidade, que pode utilizar com total tranquilidade. Em parceria com a Forkliftcenter, oferecemos v\u00e1rias marcas, incluindo Konecranes, Kalmar, Terex, Hyster, Terberg, Fantuzzi, Seacom e Mafi.<\/p>\n","protected":false},"excerpt":{"rendered":"<p>A Global Port Equipment \u00e9 um distribuidor oficial dos principais fabricantes da ind\u00fastria portu\u00e1ria mundial.\u00a0 Konecranes A Konecranes \u00e9 uma empresa finlandesa, especializada na fabrica\u00e7\u00e3o de guindastes e empilhadeiras. \u00c9 um dos maiores fabricantes mundiais de guindastes e equipamentos portu\u00e1rios, assim como terminais a granel e terminais intermodais.\u00a0A sua especializa\u00e7\u00e3o \u00e9 em empilhadores para contentores [&hellip;]<\/p>\n","protected":false},"author":1,"featured_media":1788,"parent":0,"menu_order":3,"comment_status":"closed","ping_status":"closed","template":"","meta":{"_acf_changed":false,"footnotes":""},"class_list":["post-1835","page","type-page","status-publish","has-post-thumbnail","hentry"],"acf":[],"yoast_head":"<!-- This site is optimized with the Yoast SEO plugin v27.4 - https:\/\/yoast.com\/product\/yoast-seo-wordpress\/ -->\n<title>Membros do conselho - Global Port Equipment<\/title>\n<meta name=\"robots\" content=\"index, follow, max-snippet:-1, max-image-preview:large, max-video-preview:-1\" \/>\n<link rel=\"canonical\" href=\"https:\/\/globalportequipment.es\/pt-pt\/membros-do-conselho\/\" \/>\n<meta property=\"og:locale\" content=\"pt_PT\" \/>\n<meta property=\"og:type\" content=\"article\" \/>\n<meta property=\"og:title\" content=\"Membros do conselho - Global Port Equipment\" \/>\n<meta property=\"og:description\" content=\"A Global Port Equipment \u00e9 um distribuidor oficial dos principais fabricantes da ind\u00fastria portu\u00e1ria mundial.\u00a0 Konecranes A Konecranes \u00e9 uma empresa finlandesa, especializada na fabrica\u00e7\u00e3o de guindastes e empilhadeiras. \u00c9 um dos maiores fabricantes mundiais de guindastes e equipamentos portu\u00e1rios, assim como terminais a granel e terminais intermodais.\u00a0A sua especializa\u00e7\u00e3o \u00e9 em empilhadores para contentores [&hellip;]\" \/>\n<meta property=\"og:url\" content=\"https:\/\/globalportequipment.es\/pt-pt\/membros-do-conselho\/\" \/>\n<meta property=\"og:site_name\" content=\"Global Port Equipment\" \/>\n<meta property=\"article:modified_time\" content=\"2020-03-11T11:35:21+00:00\" \/>\n<meta property=\"og:image\" content=\"https:\/\/globalportequipment.es\/wp-content\/uploads\/2019\/10\/GPELogo-1.jpg\" \/>\n\t<meta property=\"og:image:width\" content=\"919\" \/>\n\t<meta property=\"og:image:height\" content=\"370\" \/>\n\t<meta property=\"og:image:type\" content=\"image\/jpeg\" \/>\n<meta name=\"twitter:card\" content=\"summary_large_image\" \/>\n<meta name=\"twitter:label1\" content=\"Tempo estimado de leitura\" \/>\n\t<meta name=\"twitter:data1\" content=\"1 minuto\" \/>\n<script type=\"application\/ld+json\" class=\"yoast-schema-graph\">{\"@context\":\"https:\\\/\\\/schema.org\",\"@graph\":[{\"@type\":\"WebPage\",\"@id\":\"https:\\\/\\\/globalportequipment.es\\\/pt-pt\\\/membros-do-conselho\\\/\",\"url\":\"https:\\\/\\\/globalportequipment.es\\\/pt-pt\\\/membros-do-conselho\\\/\",\"name\":\"Membros do conselho - Global Port Equipment\",\"isPartOf\":{\"@id\":\"https:\\\/\\\/globalportequipment.es\\\/#website\"},\"primaryImageOfPage\":{\"@id\":\"https:\\\/\\\/globalportequipment.es\\\/pt-pt\\\/membros-do-conselho\\\/#primaryimage\"},\"image\":{\"@id\":\"https:\\\/\\\/globalportequipment.es\\\/pt-pt\\\/membros-do-conselho\\\/#primaryimage\"},\"thumbnailUrl\":\"https:\\\/\\\/globalportequipment.es\\\/wp-content\\\/uploads\\\/2019\\\/10\\\/GPELogo-1.jpg\",\"datePublished\":\"2017-05-13T09:26:06+00:00\",\"dateModified\":\"2020-03-11T11:35:21+00:00\",\"breadcrumb\":{\"@id\":\"https:\\\/\\\/globalportequipment.es\\\/pt-pt\\\/membros-do-conselho\\\/#breadcrumb\"},\"inLanguage\":\"pt-PT\",\"potentialAction\":[{\"@type\":\"ReadAction\",\"target\":[\"https:\\\/\\\/globalportequipment.es\\\/pt-pt\\\/membros-do-conselho\\\/\"]}]},{\"@type\":\"ImageObject\",\"inLanguage\":\"pt-PT\",\"@id\":\"https:\\\/\\\/globalportequipment.es\\\/pt-pt\\\/membros-do-conselho\\\/#primaryimage\",\"url\":\"https:\\\/\\\/globalportequipment.es\\\/wp-content\\\/uploads\\\/2019\\\/10\\\/GPELogo-1.jpg\",\"contentUrl\":\"https:\\\/\\\/globalportequipment.es\\\/wp-content\\\/uploads\\\/2019\\\/10\\\/GPELogo-1.jpg\",\"width\":919,\"height\":370},{\"@type\":\"BreadcrumbList\",\"@id\":\"https:\\\/\\\/globalportequipment.es\\\/pt-pt\\\/membros-do-conselho\\\/#breadcrumb\",\"itemListElement\":[{\"@type\":\"ListItem\",\"position\":1,\"name\":\"Home\",\"item\":\"https:\\\/\\\/globalportequipment.es\\\/pt-pt\\\/\"},{\"@type\":\"ListItem\",\"position\":2,\"name\":\"Membros do conselho\"}]},{\"@type\":\"WebSite\",\"@id\":\"https:\\\/\\\/globalportequipment.es\\\/#website\",\"url\":\"https:\\\/\\\/globalportequipment.es\\\/\",\"name\":\"Global Port Equipment\",\"description\":\"Container handling equipment and special trailers\",\"publisher\":{\"@id\":\"https:\\\/\\\/globalportequipment.es\\\/#organization\"},\"potentialAction\":[{\"@type\":\"SearchAction\",\"target\":{\"@type\":\"EntryPoint\",\"urlTemplate\":\"https:\\\/\\\/globalportequipment.es\\\/?s={search_term_string}\"},\"query-input\":{\"@type\":\"PropertyValueSpecification\",\"valueRequired\":true,\"valueName\":\"search_term_string\"}}],\"inLanguage\":\"pt-PT\"},{\"@type\":\"Organization\",\"@id\":\"https:\\\/\\\/globalportequipment.es\\\/#organization\",\"name\":\"Global Port Equipment\",\"url\":\"https:\\\/\\\/globalportequipment.es\\\/\",\"logo\":{\"@type\":\"ImageObject\",\"inLanguage\":\"pt-PT\",\"@id\":\"https:\\\/\\\/globalportequipment.es\\\/#\\\/schema\\\/logo\\\/image\\\/\",\"url\":\"https:\\\/\\\/globalportequipment.es\\\/wp-content\\\/uploads\\\/2019\\\/10\\\/GPELogo.jpg\",\"contentUrl\":\"https:\\\/\\\/globalportequipment.es\\\/wp-content\\\/uploads\\\/2019\\\/10\\\/GPELogo.jpg\",\"width\":919,\"height\":370,\"caption\":\"Global Port Equipment\"},\"image\":{\"@id\":\"https:\\\/\\\/globalportequipment.es\\\/#\\\/schema\\\/logo\\\/image\\\/\"}}]}<\/script>\n<!-- \/ Yoast SEO plugin. -->","yoast_head_json":{"title":"Membros do conselho - Global Port Equipment","robots":{"index":"index","follow":"follow","max-snippet":"max-snippet:-1","max-image-preview":"max-image-preview:large","max-video-preview":"max-video-preview:-1"},"canonical":"https:\/\/globalportequipment.es\/pt-pt\/membros-do-conselho\/","og_locale":"pt_PT","og_type":"article","og_title":"Membros do conselho - Global Port Equipment","og_description":"A Global Port Equipment \u00e9 um distribuidor oficial dos principais fabricantes da ind\u00fastria portu\u00e1ria mundial.\u00a0 Konecranes A Konecranes \u00e9 uma empresa finlandesa, especializada na fabrica\u00e7\u00e3o de guindastes e empilhadeiras. \u00c9 um dos maiores fabricantes mundiais de guindastes e equipamentos portu\u00e1rios, assim como terminais a granel e terminais intermodais.\u00a0A sua especializa\u00e7\u00e3o \u00e9 em empilhadores para contentores [&hellip;]","og_url":"https:\/\/globalportequipment.es\/pt-pt\/membros-do-conselho\/","og_site_name":"Global Port Equipment","article_modified_time":"2020-03-11T11:35:21+00:00","og_image":[{"width":919,"height":370,"url":"https:\/\/globalportequipment.es\/wp-content\/uploads\/2019\/10\/GPELogo-1.jpg","type":"image\/jpeg"}],"twitter_card":"summary_large_image","twitter_misc":{"Tempo estimado de leitura":"1 minuto"},"schema":{"@context":"https:\/\/schema.org","@graph":[{"@type":"WebPage","@id":"https:\/\/globalportequipment.es\/pt-pt\/membros-do-conselho\/","url":"https:\/\/globalportequipment.es\/pt-pt\/membros-do-conselho\/","name":"Membros do conselho - Global Port Equipment","isPartOf":{"@id":"https:\/\/globalportequipment.es\/#website"},"primaryImageOfPage":{"@id":"https:\/\/globalportequipment.es\/pt-pt\/membros-do-conselho\/#primaryimage"},"image":{"@id":"https:\/\/globalportequipment.es\/pt-pt\/membros-do-conselho\/#primaryimage"},"thumbnailUrl":"https:\/\/globalportequipment.es\/wp-content\/uploads\/2019\/10\/GPELogo-1.jpg","datePublished":"2017-05-13T09:26:06+00:00","dateModified":"2020-03-11T11:35:21+00:00","breadcrumb":{"@id":"https:\/\/globalportequipment.es\/pt-pt\/membros-do-conselho\/#breadcrumb"},"inLanguage":"pt-PT","potentialAction":[{"@type":"ReadAction","target":["https:\/\/globalportequipment.es\/pt-pt\/membros-do-conselho\/"]}]},{"@type":"ImageObject","inLanguage":"pt-PT","@id":"https:\/\/globalportequipment.es\/pt-pt\/membros-do-conselho\/#primaryimage","url":"https:\/\/globalportequipment.es\/wp-content\/uploads\/2019\/10\/GPELogo-1.jpg","contentUrl":"https:\/\/globalportequipment.es\/wp-content\/uploads\/2019\/10\/GPELogo-1.jpg","width":919,"height":370},{"@type":"BreadcrumbList","@id":"https:\/\/globalportequipment.es\/pt-pt\/membros-do-conselho\/#breadcrumb","itemListElement":[{"@type":"ListItem","position":1,"name":"Home","item":"https:\/\/globalportequipment.es\/pt-pt\/"},{"@type":"ListItem","position":2,"name":"Membros do conselho"}]},{"@type":"WebSite","@id":"https:\/\/globalportequipment.es\/#website","url":"https:\/\/globalportequipment.es\/","name":"Global Port Equipment","description":"Container handling equipment and special trailers","publisher":{"@id":"https:\/\/globalportequipment.es\/#organization"},"potentialAction":[{"@type":"SearchAction","target":{"@type":"EntryPoint","urlTemplate":"https:\/\/globalportequipment.es\/?s={search_term_string}"},"query-input":{"@type":"PropertyValueSpecification","valueRequired":true,"valueName":"search_term_string"}}],"inLanguage":"pt-PT"},{"@type":"Organization","@id":"https:\/\/globalportequipment.es\/#organization","name":"Global Port Equipment","url":"https:\/\/globalportequipment.es\/","logo":{"@type":"ImageObject","inLanguage":"pt-PT","@id":"https:\/\/globalportequipment.es\/#\/schema\/logo\/image\/","url":"https:\/\/globalportequipment.es\/wp-content\/uploads\/2019\/10\/GPELogo.jpg","contentUrl":"https:\/\/globalportequipment.es\/wp-content\/uploads\/2019\/10\/GPELogo.jpg","width":919,"height":370,"caption":"Global Port Equipment"},"image":{"@id":"https:\/\/globalportequipment.es\/#\/schema\/logo\/image\/"}}]}},"_links":{"self":[{"href":"https:\/\/globalportequipment.es\/pt-pt\/wp-json\/wp\/v2\/pages\/1835","targetHints":{"allow":["GET"]}}],"collection":[{"href":"https:\/\/globalportequipment.es\/pt-pt\/wp-json\/wp\/v2\/pages"}],"about":[{"href":"https:\/\/globalportequipment.es\/pt-pt\/wp-json\/wp\/v2\/types\/page"}],"author":[{"embeddable":true,"href":"https:\/\/globalportequipment.es\/pt-pt\/wp-json\/wp\/v2\/users\/1"}],"replies":[{"embeddable":true,"href":"https:\/\/globalportequipment.es\/pt-pt\/wp-json\/wp\/v2\/comments?post=1835"}],"version-history":[{"count":2,"href":"https:\/\/globalportequipment.es\/pt-pt\/wp-json\/wp\/v2\/pages\/1835\/revisions"}],"predecessor-version":[{"id":1837,"href":"https:\/\/globalportequipment.es\/pt-pt\/wp-json\/wp\/v2\/pages\/1835\/revisions\/1837"}],"wp:featuredmedia":[{"embeddable":true,"href":"https:\/\/globalportequipment.es\/pt-pt\/wp-json\/wp\/v2\/media\/1788"}],"wp:attachment":[{"href":"https:\/\/globalportequipment.es\/pt-pt\/wp-json\/wp\/v2\/media?parent=1835"}],"curies":[{"name":"wp","href":"https:\/\/api.w.org\/{rel}","templated":true}]}}