{"id":1842,"date":"2017-05-13T11:29:28","date_gmt":"2017-05-13T09:29:28","guid":{"rendered":"https:\/\/globalportequipment.es\/equipamento\/adquisicion\/"},"modified":"2020-03-11T12:38:23","modified_gmt":"2020-03-11T11:38:23","slug":"aquisicao","status":"publish","type":"page","link":"https:\/\/globalportequipment.es\/pt-pt\/equipamento\/aquisicao\/","title":{"rendered":"Aquisi\u00e7\u00e3o"},"content":{"rendered":"<p>A Global Port Equipment compra empilhadores usados, por isso, se tiver algum para vender, n\u00e3o hesite em <a href=\"https:\/\/globalportequipment.pt\/contato\/\">contactar-nos<\/a>. Compramos uma vasta gama de marcas de empilhadores, incluindo Konecranes, Terberg, Stinis e Seacom. Tamb\u00e9m compramos diferentes tipos de empilhadores para garantir que temos sempre uma vasta selec\u00e7\u00e3o de stock para oferecer aos nossos clientes.<\/p>\n<p>Voc\u00ea compra de n\u00f3s e n\u00f3s compramos de voc\u00ea.<\/p>\n<p>Se nos vender o seu empilhador, ter\u00e1 v\u00e1rias vantagens. Primeiro, vamos processar a transa\u00e7\u00e3o rapidamente para que voc\u00ea possa dispor do dinheiro sem ter que perder tempo procurando por clientes. Em segundo lugar, somos um fornecedor respeitado de empilhadeiras e equipamentos relacionados, para que voc\u00ea possa ter certeza de que a transa\u00e7\u00e3o \u00e9 segura. E finalmente, oferecemos tarifas justas para as empilhadeiras que compramos.<\/p>\n<p><strong>Pe\u00e7a uma cota\u00e7\u00e3o<\/strong><\/p>\n<p>Contacte hoje a nossa equipa para nos dar informa\u00e7\u00f5es sobre o empilhador que pretende vender. Dessa forma, podemos iniciar o processo de cota\u00e7\u00e3o.<\/p>\n<p>Voc\u00ea tamb\u00e9m pode trocar uma empilhadeira que voc\u00ea j\u00e1 possui: voc\u00ea pode d\u00e1-la em pagamento parcial por uma empilhadeira nova ou usada, assim voc\u00ea ter\u00e1 mais op\u00e7\u00f5es para escolher e acesso imediato ao capital amarrado na m\u00e1quina que voc\u00ea j\u00e1 possui.<\/p>\n<p>Para mais informa\u00e7\u00f5es, <a href=\"https:\/\/globalportequipment.pt\/contato\/\">contacte-nos<\/a> hoje.<\/p>\n","protected":false},"excerpt":{"rendered":"<p>A Global Port Equipment compra empilhadores usados, por isso, se tiver algum para vender, n\u00e3o hesite em contactar-nos. Compramos uma vasta gama de marcas de empilhadores, incluindo Konecranes, Terberg, Stinis e Seacom. Tamb\u00e9m compramos diferentes tipos de empilhadores para garantir que temos sempre uma vasta selec\u00e7\u00e3o de stock para oferecer aos nossos clientes. Voc\u00ea compra [&hellip;]<\/p>\n","protected":false},"author":1,"featured_media":1601,"parent":1839,"menu_order":10,"comment_status":"closed","ping_status":"closed","template":"","meta":{"_acf_changed":false,"footnotes":""},"class_list":["post-1842","page","type-page","status-publish","has-post-thumbnail","hentry"],"acf":[],"yoast_head":"<!-- This site is optimized with the Yoast SEO plugin v27.3 - https:\/\/yoast.com\/product\/yoast-seo-wordpress\/ -->\n<title>Aquisi\u00e7\u00e3o - Global Port Equipment<\/title>\n<meta name=\"robots\" content=\"index, follow, max-snippet:-1, max-image-preview:large, max-video-preview:-1\" \/>\n<link rel=\"canonical\" href=\"https:\/\/globalportequipment.es\/pt-pt\/equipamento\/aquisicao\/\" \/>\n<meta property=\"og:locale\" content=\"pt_PT\" \/>\n<meta property=\"og:type\" content=\"article\" \/>\n<meta property=\"og:title\" content=\"Aquisi\u00e7\u00e3o - Global Port Equipment\" \/>\n<meta property=\"og:description\" content=\"A Global Port Equipment compra empilhadores usados, por isso, se tiver algum para vender, n\u00e3o hesite em contactar-nos. Compramos uma vasta gama de marcas de empilhadores, incluindo Konecranes, Terberg, Stinis e Seacom. Tamb\u00e9m compramos diferentes tipos de empilhadores para garantir que temos sempre uma vasta selec\u00e7\u00e3o de stock para oferecer aos nossos clientes. Voc\u00ea compra [&hellip;]\" \/>\n<meta property=\"og:url\" content=\"https:\/\/globalportequipment.es\/pt-pt\/equipamento\/aquisicao\/\" \/>\n<meta property=\"og:site_name\" content=\"Global Port Equipment\" \/>\n<meta property=\"article:modified_time\" content=\"2020-03-11T11:38:23+00:00\" \/>\n<meta property=\"og:image\" content=\"https:\/\/globalportequipment.es\/wp-content\/uploads\/2017\/05\/purchase.jpg\" \/>\n\t<meta property=\"og:image:width\" content=\"970\" \/>\n\t<meta property=\"og:image:height\" content=\"348\" \/>\n\t<meta property=\"og:image:type\" content=\"image\/jpeg\" \/>\n<meta name=\"twitter:card\" content=\"summary_large_image\" \/>\n<meta name=\"twitter:label1\" content=\"Tempo estimado de leitura\" \/>\n\t<meta name=\"twitter:data1\" content=\"1 minuto\" \/>\n<script type=\"application\/ld+json\" class=\"yoast-schema-graph\">{\"@context\":\"https:\\\/\\\/schema.org\",\"@graph\":[{\"@type\":\"WebPage\",\"@id\":\"https:\\\/\\\/globalportequipment.es\\\/pt-pt\\\/equipamento\\\/aquisicao\\\/\",\"url\":\"https:\\\/\\\/globalportequipment.es\\\/pt-pt\\\/equipamento\\\/aquisicao\\\/\",\"name\":\"Aquisi\u00e7\u00e3o - Global Port Equipment\",\"isPartOf\":{\"@id\":\"https:\\\/\\\/globalportequipment.es\\\/#website\"},\"primaryImageOfPage\":{\"@id\":\"https:\\\/\\\/globalportequipment.es\\\/pt-pt\\\/equipamento\\\/aquisicao\\\/#primaryimage\"},\"image\":{\"@id\":\"https:\\\/\\\/globalportequipment.es\\\/pt-pt\\\/equipamento\\\/aquisicao\\\/#primaryimage\"},\"thumbnailUrl\":\"https:\\\/\\\/globalportequipment.es\\\/wp-content\\\/uploads\\\/2017\\\/05\\\/purchase.jpg\",\"datePublished\":\"2017-05-13T09:29:28+00:00\",\"dateModified\":\"2020-03-11T11:38:23+00:00\",\"breadcrumb\":{\"@id\":\"https:\\\/\\\/globalportequipment.es\\\/pt-pt\\\/equipamento\\\/aquisicao\\\/#breadcrumb\"},\"inLanguage\":\"pt-PT\",\"potentialAction\":[{\"@type\":\"ReadAction\",\"target\":[\"https:\\\/\\\/globalportequipment.es\\\/pt-pt\\\/equipamento\\\/aquisicao\\\/\"]}]},{\"@type\":\"ImageObject\",\"inLanguage\":\"pt-PT\",\"@id\":\"https:\\\/\\\/globalportequipment.es\\\/pt-pt\\\/equipamento\\\/aquisicao\\\/#primaryimage\",\"url\":\"https:\\\/\\\/globalportequipment.es\\\/wp-content\\\/uploads\\\/2017\\\/05\\\/purchase.jpg\",\"contentUrl\":\"https:\\\/\\\/globalportequipment.es\\\/wp-content\\\/uploads\\\/2017\\\/05\\\/purchase.jpg\",\"width\":970,\"height\":348},{\"@type\":\"BreadcrumbList\",\"@id\":\"https:\\\/\\\/globalportequipment.es\\\/pt-pt\\\/equipamento\\\/aquisicao\\\/#breadcrumb\",\"itemListElement\":[{\"@type\":\"ListItem\",\"position\":1,\"name\":\"Home\",\"item\":\"https:\\\/\\\/globalportequipment.es\\\/pt-pt\\\/\"},{\"@type\":\"ListItem\",\"position\":2,\"name\":\"Equipamento\",\"item\":\"https:\\\/\\\/globalportequipment.es\\\/pt-pt\\\/equipamento\\\/\"},{\"@type\":\"ListItem\",\"position\":3,\"name\":\"Aquisi\u00e7\u00e3o\"}]},{\"@type\":\"WebSite\",\"@id\":\"https:\\\/\\\/globalportequipment.es\\\/#website\",\"url\":\"https:\\\/\\\/globalportequipment.es\\\/\",\"name\":\"Global Port Equipment\",\"description\":\"Container handling equipment and special trailers\",\"publisher\":{\"@id\":\"https:\\\/\\\/globalportequipment.es\\\/#organization\"},\"potentialAction\":[{\"@type\":\"SearchAction\",\"target\":{\"@type\":\"EntryPoint\",\"urlTemplate\":\"https:\\\/\\\/globalportequipment.es\\\/?s={search_term_string}\"},\"query-input\":{\"@type\":\"PropertyValueSpecification\",\"valueRequired\":true,\"valueName\":\"search_term_string\"}}],\"inLanguage\":\"pt-PT\"},{\"@type\":\"Organization\",\"@id\":\"https:\\\/\\\/globalportequipment.es\\\/#organization\",\"name\":\"Global Port Equipment\",\"url\":\"https:\\\/\\\/globalportequipment.es\\\/\",\"logo\":{\"@type\":\"ImageObject\",\"inLanguage\":\"pt-PT\",\"@id\":\"https:\\\/\\\/globalportequipment.es\\\/#\\\/schema\\\/logo\\\/image\\\/\",\"url\":\"https:\\\/\\\/globalportequipment.es\\\/wp-content\\\/uploads\\\/2019\\\/10\\\/GPELogo.jpg\",\"contentUrl\":\"https:\\\/\\\/globalportequipment.es\\\/wp-content\\\/uploads\\\/2019\\\/10\\\/GPELogo.jpg\",\"width\":919,\"height\":370,\"caption\":\"Global Port Equipment\"},\"image\":{\"@id\":\"https:\\\/\\\/globalportequipment.es\\\/#\\\/schema\\\/logo\\\/image\\\/\"}}]}<\/script>\n<!-- \/ Yoast SEO plugin. -->","yoast_head_json":{"title":"Aquisi\u00e7\u00e3o - Global Port Equipment","robots":{"index":"index","follow":"follow","max-snippet":"max-snippet:-1","max-image-preview":"max-image-preview:large","max-video-preview":"max-video-preview:-1"},"canonical":"https:\/\/globalportequipment.es\/pt-pt\/equipamento\/aquisicao\/","og_locale":"pt_PT","og_type":"article","og_title":"Aquisi\u00e7\u00e3o - Global Port Equipment","og_description":"A Global Port Equipment compra empilhadores usados, por isso, se tiver algum para vender, n\u00e3o hesite em contactar-nos. Compramos uma vasta gama de marcas de empilhadores, incluindo Konecranes, Terberg, Stinis e Seacom. Tamb\u00e9m compramos diferentes tipos de empilhadores para garantir que temos sempre uma vasta selec\u00e7\u00e3o de stock para oferecer aos nossos clientes. Voc\u00ea compra [&hellip;]","og_url":"https:\/\/globalportequipment.es\/pt-pt\/equipamento\/aquisicao\/","og_site_name":"Global Port Equipment","article_modified_time":"2020-03-11T11:38:23+00:00","og_image":[{"width":970,"height":348,"url":"https:\/\/globalportequipment.es\/wp-content\/uploads\/2017\/05\/purchase.jpg","type":"image\/jpeg"}],"twitter_card":"summary_large_image","twitter_misc":{"Tempo estimado de leitura":"1 minuto"},"schema":{"@context":"https:\/\/schema.org","@graph":[{"@type":"WebPage","@id":"https:\/\/globalportequipment.es\/pt-pt\/equipamento\/aquisicao\/","url":"https:\/\/globalportequipment.es\/pt-pt\/equipamento\/aquisicao\/","name":"Aquisi\u00e7\u00e3o - Global Port Equipment","isPartOf":{"@id":"https:\/\/globalportequipment.es\/#website"},"primaryImageOfPage":{"@id":"https:\/\/globalportequipment.es\/pt-pt\/equipamento\/aquisicao\/#primaryimage"},"image":{"@id":"https:\/\/globalportequipment.es\/pt-pt\/equipamento\/aquisicao\/#primaryimage"},"thumbnailUrl":"https:\/\/globalportequipment.es\/wp-content\/uploads\/2017\/05\/purchase.jpg","datePublished":"2017-05-13T09:29:28+00:00","dateModified":"2020-03-11T11:38:23+00:00","breadcrumb":{"@id":"https:\/\/globalportequipment.es\/pt-pt\/equipamento\/aquisicao\/#breadcrumb"},"inLanguage":"pt-PT","potentialAction":[{"@type":"ReadAction","target":["https:\/\/globalportequipment.es\/pt-pt\/equipamento\/aquisicao\/"]}]},{"@type":"ImageObject","inLanguage":"pt-PT","@id":"https:\/\/globalportequipment.es\/pt-pt\/equipamento\/aquisicao\/#primaryimage","url":"https:\/\/globalportequipment.es\/wp-content\/uploads\/2017\/05\/purchase.jpg","contentUrl":"https:\/\/globalportequipment.es\/wp-content\/uploads\/2017\/05\/purchase.jpg","width":970,"height":348},{"@type":"BreadcrumbList","@id":"https:\/\/globalportequipment.es\/pt-pt\/equipamento\/aquisicao\/#breadcrumb","itemListElement":[{"@type":"ListItem","position":1,"name":"Home","item":"https:\/\/globalportequipment.es\/pt-pt\/"},{"@type":"ListItem","position":2,"name":"Equipamento","item":"https:\/\/globalportequipment.es\/pt-pt\/equipamento\/"},{"@type":"ListItem","position":3,"name":"Aquisi\u00e7\u00e3o"}]},{"@type":"WebSite","@id":"https:\/\/globalportequipment.es\/#website","url":"https:\/\/globalportequipment.es\/","name":"Global Port Equipment","description":"Container handling equipment and special trailers","publisher":{"@id":"https:\/\/globalportequipment.es\/#organization"},"potentialAction":[{"@type":"SearchAction","target":{"@type":"EntryPoint","urlTemplate":"https:\/\/globalportequipment.es\/?s={search_term_string}"},"query-input":{"@type":"PropertyValueSpecification","valueRequired":true,"valueName":"search_term_string"}}],"inLanguage":"pt-PT"},{"@type":"Organization","@id":"https:\/\/globalportequipment.es\/#organization","name":"Global Port Equipment","url":"https:\/\/globalportequipment.es\/","logo":{"@type":"ImageObject","inLanguage":"pt-PT","@id":"https:\/\/globalportequipment.es\/#\/schema\/logo\/image\/","url":"https:\/\/globalportequipment.es\/wp-content\/uploads\/2019\/10\/GPELogo.jpg","contentUrl":"https:\/\/globalportequipment.es\/wp-content\/uploads\/2019\/10\/GPELogo.jpg","width":919,"height":370,"caption":"Global Port Equipment"},"image":{"@id":"https:\/\/globalportequipment.es\/#\/schema\/logo\/image\/"}}]}},"_links":{"self":[{"href":"https:\/\/globalportequipment.es\/pt-pt\/wp-json\/wp\/v2\/pages\/1842","targetHints":{"allow":["GET"]}}],"collection":[{"href":"https:\/\/globalportequipment.es\/pt-pt\/wp-json\/wp\/v2\/pages"}],"about":[{"href":"https:\/\/globalportequipment.es\/pt-pt\/wp-json\/wp\/v2\/types\/page"}],"author":[{"embeddable":true,"href":"https:\/\/globalportequipment.es\/pt-pt\/wp-json\/wp\/v2\/users\/1"}],"replies":[{"embeddable":true,"href":"https:\/\/globalportequipment.es\/pt-pt\/wp-json\/wp\/v2\/comments?post=1842"}],"version-history":[{"count":2,"href":"https:\/\/globalportequipment.es\/pt-pt\/wp-json\/wp\/v2\/pages\/1842\/revisions"}],"predecessor-version":[{"id":1844,"href":"https:\/\/globalportequipment.es\/pt-pt\/wp-json\/wp\/v2\/pages\/1842\/revisions\/1844"}],"up":[{"embeddable":true,"href":"https:\/\/globalportequipment.es\/pt-pt\/wp-json\/wp\/v2\/pages\/1839"}],"wp:featuredmedia":[{"embeddable":true,"href":"https:\/\/globalportequipment.es\/pt-pt\/wp-json\/wp\/v2\/media\/1601"}],"wp:attachment":[{"href":"https:\/\/globalportequipment.es\/pt-pt\/wp-json\/wp\/v2\/media?parent=1842"}],"curies":[{"name":"wp","href":"https:\/\/api.w.org\/{rel}","templated":true}]}}