{"id":1849,"date":"2017-05-13T11:30:42","date_gmt":"2017-05-13T09:30:42","guid":{"rendered":"https:\/\/globalportequipment.es\/comprar-alquilar-arrendar\/"},"modified":"2020-03-11T13:40:24","modified_gmt":"2020-03-11T12:40:24","slug":"comprar-alugar-arrendamento","status":"publish","type":"page","link":"https:\/\/globalportequipment.es\/pt-pt\/comprar-alugar-arrendamento\/","title":{"rendered":"Comprar \/ Alugar \/ Arrendamento"},"content":{"rendered":"<p><strong>Na Global Port Equipment, oferecemos uma s\u00e9rie de op\u00e7\u00f5es para a obten\u00e7\u00e3o de equipamentos que v\u00e3o ao encontro das necessidades do seu neg\u00f3cio. As nossas op\u00e7\u00f5es:<\/strong><\/p>\n<h2>Compra de novo equipamento portu\u00e1rio<\/h2>\n<p>Temos acordos de parceria com v\u00e1rios dos principais fabricantes mundiais de equipamentos portu\u00e1rios. Dessa forma, voc\u00ea ter\u00e1 amplas op\u00e7\u00f5es para encontrar algo que atenda \u00e0s suas necessidades espec\u00edficas.<\/p>\n<p>Os novos equipamentos que compramos podem ser equipamentos de movimenta\u00e7\u00e3o de contentores, empilhadores, reboques de plataforma baixa, equipamento de armaz\u00e9m, rebocadores, vigas de espa\u00e7amento de contentores, pesco\u00e7os de ganso e muito mais. Somos distribuidores de fabricantes prestigiados como a Seacom, Terberg, Konecranes e Stinis.<\/p>\n<h2>Compra de equipamento usado<\/h2>\n<p>Al\u00e9m das parcerias acima mencionadas, assin\u00e1mos um acordo de parceria exclusiva com a Forkliftcenter. Isto permite-lhe escolher entre uma vasta gama de m\u00e1quinas usadas em excelentes condi\u00e7\u00f5es, incluindo empilhadores, manipuladores telesc\u00f3picos, manipuladores de contentores e muito mais.<\/p>\n<p>As marcas que oferecemos atrav\u00e9s da Forkliftcenter s\u00e3o Terex, Kalmar, Fantuzzi, SMV, Mafi, Hyster, Linde, Mitsubishi, Jungheinrich, Still, Caterpillar, Unicarrier, Toyota e muitas outras.<\/p>\n<p>Voc\u00ea compra de n\u00f3s e n\u00f3s compramos de voc\u00ea. A Global Port Equipment compra-lhe o seu equipamento usado.<\/p>\n<h2>Aluguer de equipamento<\/h2>\n<p>O aluguer \u00e9 uma forma muito econ\u00f3mica de expandir a capacidade das suas opera\u00e7\u00f5es. \u00c9 muito vantajoso se voc\u00ea precisar expandir a capacidade a curto prazo, pois o aluguel lhe d\u00e1 a flexibilidade para come\u00e7ar e parar o contrato: voc\u00ea s\u00f3 paga pelo per\u00edodo que voc\u00ea precisa do equipamento. Dessa forma, voc\u00ea pode economizar dinheiro at\u00e9 que a capacidade volte aos n\u00edveis normais ou voc\u00ea decide assinar um acordo de longo prazo.<\/p>\n<p>Alugamos rebocadores, espa\u00e7adores de contentores, empilhadores e muito mais.<\/p>\n<h2>Aluguer de equipamento com op\u00e7\u00e3o de compra<\/h2>\n<p>Se voc\u00ea precisar de algum equipamento por um longo per\u00edodo de tempo, mas n\u00e3o quer incorrer no custo de compr\u00e1-lo novo, voc\u00ea pode alug\u00e1-lo com uma op\u00e7\u00e3o de compra. Alugamos com op\u00e7\u00e3o de compra a empresas e opera\u00e7\u00f5es em todos os pa\u00edses da Am\u00e9rica do Sul atrav\u00e9s de acordos com as principais empresas de leasing.<\/p>\n<p>Voc\u00ea pode assinar este tipo de acordo por um per\u00edodo de 36 meses, 48 meses e 60 meses. O equipamento que oferecemos com este tipo de acordo s\u00e3o tratores, empilhadeiras, m\u00e1quinas de movimenta\u00e7\u00e3o de cont\u00eaineres, vigas de spreader e muito mais.<\/p>\n","protected":false},"excerpt":{"rendered":"<p>Na Global Port Equipment, oferecemos uma s\u00e9rie de op\u00e7\u00f5es para a obten\u00e7\u00e3o de equipamentos que v\u00e3o ao encontro das necessidades do seu neg\u00f3cio. As nossas op\u00e7\u00f5es: Compra de novo equipamento portu\u00e1rio Temos acordos de parceria com v\u00e1rios dos principais fabricantes mundiais de equipamentos portu\u00e1rios. Dessa forma, voc\u00ea ter\u00e1 amplas op\u00e7\u00f5es para encontrar algo que atenda [&hellip;]<\/p>\n","protected":false},"author":1,"featured_media":1899,"parent":0,"menu_order":6,"comment_status":"closed","ping_status":"closed","template":"","meta":{"_acf_changed":false,"footnotes":""},"class_list":["post-1849","page","type-page","status-publish","has-post-thumbnail","hentry"],"acf":[],"yoast_head":"<!-- This site is optimized with the Yoast SEO plugin v27.3 - https:\/\/yoast.com\/product\/yoast-seo-wordpress\/ -->\n<title>Comprar \/ Alugar \/ Arrendamento - Global Port Equipment<\/title>\n<meta name=\"robots\" content=\"index, follow, max-snippet:-1, max-image-preview:large, max-video-preview:-1\" \/>\n<link rel=\"canonical\" href=\"https:\/\/globalportequipment.es\/pt-pt\/comprar-alugar-arrendamento\/\" \/>\n<meta property=\"og:locale\" content=\"pt_PT\" \/>\n<meta property=\"og:type\" content=\"article\" \/>\n<meta property=\"og:title\" content=\"Comprar \/ Alugar \/ Arrendamento - Global Port Equipment\" \/>\n<meta property=\"og:description\" content=\"Na Global Port Equipment, oferecemos uma s\u00e9rie de op\u00e7\u00f5es para a obten\u00e7\u00e3o de equipamentos que v\u00e3o ao encontro das necessidades do seu neg\u00f3cio. As nossas op\u00e7\u00f5es: Compra de novo equipamento portu\u00e1rio Temos acordos de parceria com v\u00e1rios dos principais fabricantes mundiais de equipamentos portu\u00e1rios. Dessa forma, voc\u00ea ter\u00e1 amplas op\u00e7\u00f5es para encontrar algo que atenda [&hellip;]\" \/>\n<meta property=\"og:url\" content=\"https:\/\/globalportequipment.es\/pt-pt\/comprar-alugar-arrendamento\/\" \/>\n<meta property=\"og:site_name\" content=\"Global Port Equipment\" \/>\n<meta property=\"article:modified_time\" content=\"2020-03-11T12:40:24+00:00\" \/>\n<meta property=\"og:image\" content=\"https:\/\/globalportequipment.es\/wp-content\/uploads\/2020\/03\/container.jpg\" \/>\n\t<meta property=\"og:image:width\" content=\"970\" \/>\n\t<meta property=\"og:image:height\" content=\"348\" \/>\n\t<meta property=\"og:image:type\" content=\"image\/jpeg\" \/>\n<meta name=\"twitter:card\" content=\"summary_large_image\" \/>\n<meta name=\"twitter:label1\" content=\"Tempo estimado de leitura\" \/>\n\t<meta name=\"twitter:data1\" content=\"2 minutos\" \/>\n<script type=\"application\/ld+json\" class=\"yoast-schema-graph\">{\"@context\":\"https:\\\/\\\/schema.org\",\"@graph\":[{\"@type\":\"WebPage\",\"@id\":\"https:\\\/\\\/globalportequipment.es\\\/pt-pt\\\/comprar-alugar-arrendamento\\\/\",\"url\":\"https:\\\/\\\/globalportequipment.es\\\/pt-pt\\\/comprar-alugar-arrendamento\\\/\",\"name\":\"Comprar \\\/ Alugar \\\/ Arrendamento - Global Port Equipment\",\"isPartOf\":{\"@id\":\"https:\\\/\\\/globalportequipment.es\\\/#website\"},\"primaryImageOfPage\":{\"@id\":\"https:\\\/\\\/globalportequipment.es\\\/pt-pt\\\/comprar-alugar-arrendamento\\\/#primaryimage\"},\"image\":{\"@id\":\"https:\\\/\\\/globalportequipment.es\\\/pt-pt\\\/comprar-alugar-arrendamento\\\/#primaryimage\"},\"thumbnailUrl\":\"https:\\\/\\\/globalportequipment.es\\\/wp-content\\\/uploads\\\/2020\\\/03\\\/container.jpg\",\"datePublished\":\"2017-05-13T09:30:42+00:00\",\"dateModified\":\"2020-03-11T12:40:24+00:00\",\"breadcrumb\":{\"@id\":\"https:\\\/\\\/globalportequipment.es\\\/pt-pt\\\/comprar-alugar-arrendamento\\\/#breadcrumb\"},\"inLanguage\":\"pt-PT\",\"potentialAction\":[{\"@type\":\"ReadAction\",\"target\":[\"https:\\\/\\\/globalportequipment.es\\\/pt-pt\\\/comprar-alugar-arrendamento\\\/\"]}]},{\"@type\":\"ImageObject\",\"inLanguage\":\"pt-PT\",\"@id\":\"https:\\\/\\\/globalportequipment.es\\\/pt-pt\\\/comprar-alugar-arrendamento\\\/#primaryimage\",\"url\":\"https:\\\/\\\/globalportequipment.es\\\/wp-content\\\/uploads\\\/2020\\\/03\\\/container.jpg\",\"contentUrl\":\"https:\\\/\\\/globalportequipment.es\\\/wp-content\\\/uploads\\\/2020\\\/03\\\/container.jpg\",\"width\":970,\"height\":348},{\"@type\":\"BreadcrumbList\",\"@id\":\"https:\\\/\\\/globalportequipment.es\\\/pt-pt\\\/comprar-alugar-arrendamento\\\/#breadcrumb\",\"itemListElement\":[{\"@type\":\"ListItem\",\"position\":1,\"name\":\"Home\",\"item\":\"https:\\\/\\\/globalportequipment.es\\\/pt-pt\\\/\"},{\"@type\":\"ListItem\",\"position\":2,\"name\":\"Comprar \\\/ Alugar \\\/ Arrendamento\"}]},{\"@type\":\"WebSite\",\"@id\":\"https:\\\/\\\/globalportequipment.es\\\/#website\",\"url\":\"https:\\\/\\\/globalportequipment.es\\\/\",\"name\":\"Global Port Equipment\",\"description\":\"Container handling equipment and special trailers\",\"publisher\":{\"@id\":\"https:\\\/\\\/globalportequipment.es\\\/#organization\"},\"potentialAction\":[{\"@type\":\"SearchAction\",\"target\":{\"@type\":\"EntryPoint\",\"urlTemplate\":\"https:\\\/\\\/globalportequipment.es\\\/?s={search_term_string}\"},\"query-input\":{\"@type\":\"PropertyValueSpecification\",\"valueRequired\":true,\"valueName\":\"search_term_string\"}}],\"inLanguage\":\"pt-PT\"},{\"@type\":\"Organization\",\"@id\":\"https:\\\/\\\/globalportequipment.es\\\/#organization\",\"name\":\"Global Port Equipment\",\"url\":\"https:\\\/\\\/globalportequipment.es\\\/\",\"logo\":{\"@type\":\"ImageObject\",\"inLanguage\":\"pt-PT\",\"@id\":\"https:\\\/\\\/globalportequipment.es\\\/#\\\/schema\\\/logo\\\/image\\\/\",\"url\":\"https:\\\/\\\/globalportequipment.es\\\/wp-content\\\/uploads\\\/2019\\\/10\\\/GPELogo.jpg\",\"contentUrl\":\"https:\\\/\\\/globalportequipment.es\\\/wp-content\\\/uploads\\\/2019\\\/10\\\/GPELogo.jpg\",\"width\":919,\"height\":370,\"caption\":\"Global Port Equipment\"},\"image\":{\"@id\":\"https:\\\/\\\/globalportequipment.es\\\/#\\\/schema\\\/logo\\\/image\\\/\"}}]}<\/script>\n<!-- \/ Yoast SEO plugin. -->","yoast_head_json":{"title":"Comprar \/ Alugar \/ Arrendamento - Global Port Equipment","robots":{"index":"index","follow":"follow","max-snippet":"max-snippet:-1","max-image-preview":"max-image-preview:large","max-video-preview":"max-video-preview:-1"},"canonical":"https:\/\/globalportequipment.es\/pt-pt\/comprar-alugar-arrendamento\/","og_locale":"pt_PT","og_type":"article","og_title":"Comprar \/ Alugar \/ Arrendamento - Global Port Equipment","og_description":"Na Global Port Equipment, oferecemos uma s\u00e9rie de op\u00e7\u00f5es para a obten\u00e7\u00e3o de equipamentos que v\u00e3o ao encontro das necessidades do seu neg\u00f3cio. As nossas op\u00e7\u00f5es: Compra de novo equipamento portu\u00e1rio Temos acordos de parceria com v\u00e1rios dos principais fabricantes mundiais de equipamentos portu\u00e1rios. Dessa forma, voc\u00ea ter\u00e1 amplas op\u00e7\u00f5es para encontrar algo que atenda [&hellip;]","og_url":"https:\/\/globalportequipment.es\/pt-pt\/comprar-alugar-arrendamento\/","og_site_name":"Global Port Equipment","article_modified_time":"2020-03-11T12:40:24+00:00","og_image":[{"width":970,"height":348,"url":"https:\/\/globalportequipment.es\/wp-content\/uploads\/2020\/03\/container.jpg","type":"image\/jpeg"}],"twitter_card":"summary_large_image","twitter_misc":{"Tempo estimado de leitura":"2 minutos"},"schema":{"@context":"https:\/\/schema.org","@graph":[{"@type":"WebPage","@id":"https:\/\/globalportequipment.es\/pt-pt\/comprar-alugar-arrendamento\/","url":"https:\/\/globalportequipment.es\/pt-pt\/comprar-alugar-arrendamento\/","name":"Comprar \/ Alugar \/ Arrendamento - Global Port Equipment","isPartOf":{"@id":"https:\/\/globalportequipment.es\/#website"},"primaryImageOfPage":{"@id":"https:\/\/globalportequipment.es\/pt-pt\/comprar-alugar-arrendamento\/#primaryimage"},"image":{"@id":"https:\/\/globalportequipment.es\/pt-pt\/comprar-alugar-arrendamento\/#primaryimage"},"thumbnailUrl":"https:\/\/globalportequipment.es\/wp-content\/uploads\/2020\/03\/container.jpg","datePublished":"2017-05-13T09:30:42+00:00","dateModified":"2020-03-11T12:40:24+00:00","breadcrumb":{"@id":"https:\/\/globalportequipment.es\/pt-pt\/comprar-alugar-arrendamento\/#breadcrumb"},"inLanguage":"pt-PT","potentialAction":[{"@type":"ReadAction","target":["https:\/\/globalportequipment.es\/pt-pt\/comprar-alugar-arrendamento\/"]}]},{"@type":"ImageObject","inLanguage":"pt-PT","@id":"https:\/\/globalportequipment.es\/pt-pt\/comprar-alugar-arrendamento\/#primaryimage","url":"https:\/\/globalportequipment.es\/wp-content\/uploads\/2020\/03\/container.jpg","contentUrl":"https:\/\/globalportequipment.es\/wp-content\/uploads\/2020\/03\/container.jpg","width":970,"height":348},{"@type":"BreadcrumbList","@id":"https:\/\/globalportequipment.es\/pt-pt\/comprar-alugar-arrendamento\/#breadcrumb","itemListElement":[{"@type":"ListItem","position":1,"name":"Home","item":"https:\/\/globalportequipment.es\/pt-pt\/"},{"@type":"ListItem","position":2,"name":"Comprar \/ Alugar \/ Arrendamento"}]},{"@type":"WebSite","@id":"https:\/\/globalportequipment.es\/#website","url":"https:\/\/globalportequipment.es\/","name":"Global Port Equipment","description":"Container handling equipment and special trailers","publisher":{"@id":"https:\/\/globalportequipment.es\/#organization"},"potentialAction":[{"@type":"SearchAction","target":{"@type":"EntryPoint","urlTemplate":"https:\/\/globalportequipment.es\/?s={search_term_string}"},"query-input":{"@type":"PropertyValueSpecification","valueRequired":true,"valueName":"search_term_string"}}],"inLanguage":"pt-PT"},{"@type":"Organization","@id":"https:\/\/globalportequipment.es\/#organization","name":"Global Port Equipment","url":"https:\/\/globalportequipment.es\/","logo":{"@type":"ImageObject","inLanguage":"pt-PT","@id":"https:\/\/globalportequipment.es\/#\/schema\/logo\/image\/","url":"https:\/\/globalportequipment.es\/wp-content\/uploads\/2019\/10\/GPELogo.jpg","contentUrl":"https:\/\/globalportequipment.es\/wp-content\/uploads\/2019\/10\/GPELogo.jpg","width":919,"height":370,"caption":"Global Port Equipment"},"image":{"@id":"https:\/\/globalportequipment.es\/#\/schema\/logo\/image\/"}}]}},"_links":{"self":[{"href":"https:\/\/globalportequipment.es\/pt-pt\/wp-json\/wp\/v2\/pages\/1849","targetHints":{"allow":["GET"]}}],"collection":[{"href":"https:\/\/globalportequipment.es\/pt-pt\/wp-json\/wp\/v2\/pages"}],"about":[{"href":"https:\/\/globalportequipment.es\/pt-pt\/wp-json\/wp\/v2\/types\/page"}],"author":[{"embeddable":true,"href":"https:\/\/globalportequipment.es\/pt-pt\/wp-json\/wp\/v2\/users\/1"}],"replies":[{"embeddable":true,"href":"https:\/\/globalportequipment.es\/pt-pt\/wp-json\/wp\/v2\/comments?post=1849"}],"version-history":[{"count":2,"href":"https:\/\/globalportequipment.es\/pt-pt\/wp-json\/wp\/v2\/pages\/1849\/revisions"}],"predecessor-version":[{"id":1851,"href":"https:\/\/globalportequipment.es\/pt-pt\/wp-json\/wp\/v2\/pages\/1849\/revisions\/1851"}],"wp:featuredmedia":[{"embeddable":true,"href":"https:\/\/globalportequipment.es\/pt-pt\/wp-json\/wp\/v2\/media\/1899"}],"wp:attachment":[{"href":"https:\/\/globalportequipment.es\/pt-pt\/wp-json\/wp\/v2\/media?parent=1849"}],"curies":[{"name":"wp","href":"https:\/\/api.w.org\/{rel}","templated":true}]}}