{"id":1856,"date":"2017-05-13T11:31:14","date_gmt":"2017-05-13T09:31:14","guid":{"rendered":"https:\/\/globalportequipment.es\/manutencao-e-pecas-de-reposicao\/piezas-de-repuesto\/"},"modified":"2020-03-11T12:46:54","modified_gmt":"2020-03-11T11:46:54","slug":"pecas-de-reposicao","status":"publish","type":"page","link":"https:\/\/globalportequipment.es\/pt-pt\/manutencao-e-pecas-de-reposicao\/pecas-de-reposicao\/","title":{"rendered":"Pe\u00e7as de reposi\u00e7\u00e3o"},"content":{"rendered":"<p>Na Global Port Equipment, os acordos de parceria que temos com fabricantes e marcas incluem o fornecimento de pe\u00e7as de reposi\u00e7\u00e3o. Isto garante que podemos entregar as pe\u00e7as que voc\u00ea precisa o mais r\u00e1pido poss\u00edvel, reduzindo os custos que a sua empresa pode incorrer com o tempo de m\u00e1quina parada devido a falhas. Isso tamb\u00e9m ajuda a garantir que seu equipamento esteja funcionando da maneira mais eficiente poss\u00edvel.<\/p>\n<p>As pe\u00e7as de reposi\u00e7\u00e3o que fornecemos s\u00e3o de alta qualidade, pois v\u00eam do fabricante original; trabalhamos com marcas reconhecidas no setor, como Seacom, Terberg, Stinis e Konecranes. Somos tamb\u00e9m o distribuidor exclusivo da Forkliftcenter, cuja gama de pe\u00e7as sobressalentes amplia a gama de pe\u00e7as que lhe podemos oferecer. Muitas das pe\u00e7as oferecidas s\u00e3o em segunda m\u00e3o, o que o ajuda a economizar ainda mais.<\/p>\n<h2>Excelentes n\u00edveis de servi\u00e7o<\/h2>\n<p>Todos os membros da nossa equipe conhecem as m\u00e1quinas e equipamentos que fornecemos para que possam identificar rapidamente a pe\u00e7a de reposi\u00e7\u00e3o que voc\u00ea precisa. Temos um grande estoque de pe\u00e7as de reposi\u00e7\u00e3o para reduzir ainda mais os tempos de espera e nossa linha de acesso direto garante que podemos entregar rapidamente as pe\u00e7as que precisamos.<\/p>\n","protected":false},"excerpt":{"rendered":"<p>Na Global Port Equipment, os acordos de parceria que temos com fabricantes e marcas incluem o fornecimento de pe\u00e7as de reposi\u00e7\u00e3o. Isto garante que podemos entregar as pe\u00e7as que voc\u00ea precisa o mais r\u00e1pido poss\u00edvel, reduzindo os custos que a sua empresa pode incorrer com o tempo de m\u00e1quina parada devido a falhas. Isso tamb\u00e9m [&hellip;]<\/p>\n","protected":false},"author":1,"featured_media":1603,"parent":1853,"menu_order":0,"comment_status":"closed","ping_status":"closed","template":"","meta":{"_acf_changed":false,"footnotes":""},"class_list":["post-1856","page","type-page","status-publish","has-post-thumbnail","hentry"],"acf":[],"yoast_head":"<!-- This site is optimized with the Yoast SEO plugin v27.3 - https:\/\/yoast.com\/product\/yoast-seo-wordpress\/ -->\n<title>Pe\u00e7as de reposi\u00e7\u00e3o - Global Port Equipment<\/title>\n<meta name=\"robots\" content=\"index, follow, max-snippet:-1, max-image-preview:large, max-video-preview:-1\" \/>\n<link rel=\"canonical\" href=\"https:\/\/globalportequipment.es\/pt-pt\/manutencao-e-pecas-de-reposicao\/pecas-de-reposicao\/\" \/>\n<meta property=\"og:locale\" content=\"pt_PT\" \/>\n<meta property=\"og:type\" content=\"article\" \/>\n<meta property=\"og:title\" content=\"Pe\u00e7as de reposi\u00e7\u00e3o - Global Port Equipment\" \/>\n<meta property=\"og:description\" content=\"Na Global Port Equipment, os acordos de parceria que temos com fabricantes e marcas incluem o fornecimento de pe\u00e7as de reposi\u00e7\u00e3o. Isto garante que podemos entregar as pe\u00e7as que voc\u00ea precisa o mais r\u00e1pido poss\u00edvel, reduzindo os custos que a sua empresa pode incorrer com o tempo de m\u00e1quina parada devido a falhas. Isso tamb\u00e9m [&hellip;]\" \/>\n<meta property=\"og:url\" content=\"https:\/\/globalportequipment.es\/pt-pt\/manutencao-e-pecas-de-reposicao\/pecas-de-reposicao\/\" \/>\n<meta property=\"og:site_name\" content=\"Global Port Equipment\" \/>\n<meta property=\"article:modified_time\" content=\"2020-03-11T11:46:54+00:00\" \/>\n<meta property=\"og:image\" content=\"https:\/\/globalportequipment.es\/wp-content\/uploads\/2017\/05\/spare_parts.jpg\" \/>\n\t<meta property=\"og:image:width\" content=\"970\" \/>\n\t<meta property=\"og:image:height\" content=\"348\" \/>\n\t<meta property=\"og:image:type\" content=\"image\/jpeg\" \/>\n<meta name=\"twitter:card\" content=\"summary_large_image\" \/>\n<meta name=\"twitter:label1\" content=\"Tempo estimado de leitura\" \/>\n\t<meta name=\"twitter:data1\" content=\"1 minuto\" \/>\n<script type=\"application\/ld+json\" class=\"yoast-schema-graph\">{\"@context\":\"https:\\\/\\\/schema.org\",\"@graph\":[{\"@type\":\"WebPage\",\"@id\":\"https:\\\/\\\/globalportequipment.es\\\/pt-pt\\\/manutencao-e-pecas-de-reposicao\\\/pecas-de-reposicao\\\/\",\"url\":\"https:\\\/\\\/globalportequipment.es\\\/pt-pt\\\/manutencao-e-pecas-de-reposicao\\\/pecas-de-reposicao\\\/\",\"name\":\"Pe\u00e7as de reposi\u00e7\u00e3o - Global Port Equipment\",\"isPartOf\":{\"@id\":\"https:\\\/\\\/globalportequipment.es\\\/#website\"},\"primaryImageOfPage\":{\"@id\":\"https:\\\/\\\/globalportequipment.es\\\/pt-pt\\\/manutencao-e-pecas-de-reposicao\\\/pecas-de-reposicao\\\/#primaryimage\"},\"image\":{\"@id\":\"https:\\\/\\\/globalportequipment.es\\\/pt-pt\\\/manutencao-e-pecas-de-reposicao\\\/pecas-de-reposicao\\\/#primaryimage\"},\"thumbnailUrl\":\"https:\\\/\\\/globalportequipment.es\\\/wp-content\\\/uploads\\\/2017\\\/05\\\/spare_parts.jpg\",\"datePublished\":\"2017-05-13T09:31:14+00:00\",\"dateModified\":\"2020-03-11T11:46:54+00:00\",\"breadcrumb\":{\"@id\":\"https:\\\/\\\/globalportequipment.es\\\/pt-pt\\\/manutencao-e-pecas-de-reposicao\\\/pecas-de-reposicao\\\/#breadcrumb\"},\"inLanguage\":\"pt-PT\",\"potentialAction\":[{\"@type\":\"ReadAction\",\"target\":[\"https:\\\/\\\/globalportequipment.es\\\/pt-pt\\\/manutencao-e-pecas-de-reposicao\\\/pecas-de-reposicao\\\/\"]}]},{\"@type\":\"ImageObject\",\"inLanguage\":\"pt-PT\",\"@id\":\"https:\\\/\\\/globalportequipment.es\\\/pt-pt\\\/manutencao-e-pecas-de-reposicao\\\/pecas-de-reposicao\\\/#primaryimage\",\"url\":\"https:\\\/\\\/globalportequipment.es\\\/wp-content\\\/uploads\\\/2017\\\/05\\\/spare_parts.jpg\",\"contentUrl\":\"https:\\\/\\\/globalportequipment.es\\\/wp-content\\\/uploads\\\/2017\\\/05\\\/spare_parts.jpg\",\"width\":970,\"height\":348},{\"@type\":\"BreadcrumbList\",\"@id\":\"https:\\\/\\\/globalportequipment.es\\\/pt-pt\\\/manutencao-e-pecas-de-reposicao\\\/pecas-de-reposicao\\\/#breadcrumb\",\"itemListElement\":[{\"@type\":\"ListItem\",\"position\":1,\"name\":\"Home\",\"item\":\"https:\\\/\\\/globalportequipment.es\\\/pt-pt\\\/\"},{\"@type\":\"ListItem\",\"position\":2,\"name\":\"Manuten\u00e7\u00e3o e pe\u00e7as de reposi\u00e7\u00e3o\",\"item\":\"https:\\\/\\\/globalportequipment.es\\\/pt-pt\\\/manutencao-e-pecas-de-reposicao\\\/\"},{\"@type\":\"ListItem\",\"position\":3,\"name\":\"Pe\u00e7as de reposi\u00e7\u00e3o\"}]},{\"@type\":\"WebSite\",\"@id\":\"https:\\\/\\\/globalportequipment.es\\\/#website\",\"url\":\"https:\\\/\\\/globalportequipment.es\\\/\",\"name\":\"Global Port Equipment\",\"description\":\"Container handling equipment and special trailers\",\"publisher\":{\"@id\":\"https:\\\/\\\/globalportequipment.es\\\/#organization\"},\"potentialAction\":[{\"@type\":\"SearchAction\",\"target\":{\"@type\":\"EntryPoint\",\"urlTemplate\":\"https:\\\/\\\/globalportequipment.es\\\/?s={search_term_string}\"},\"query-input\":{\"@type\":\"PropertyValueSpecification\",\"valueRequired\":true,\"valueName\":\"search_term_string\"}}],\"inLanguage\":\"pt-PT\"},{\"@type\":\"Organization\",\"@id\":\"https:\\\/\\\/globalportequipment.es\\\/#organization\",\"name\":\"Global Port Equipment\",\"url\":\"https:\\\/\\\/globalportequipment.es\\\/\",\"logo\":{\"@type\":\"ImageObject\",\"inLanguage\":\"pt-PT\",\"@id\":\"https:\\\/\\\/globalportequipment.es\\\/#\\\/schema\\\/logo\\\/image\\\/\",\"url\":\"https:\\\/\\\/globalportequipment.es\\\/wp-content\\\/uploads\\\/2019\\\/10\\\/GPELogo.jpg\",\"contentUrl\":\"https:\\\/\\\/globalportequipment.es\\\/wp-content\\\/uploads\\\/2019\\\/10\\\/GPELogo.jpg\",\"width\":919,\"height\":370,\"caption\":\"Global Port Equipment\"},\"image\":{\"@id\":\"https:\\\/\\\/globalportequipment.es\\\/#\\\/schema\\\/logo\\\/image\\\/\"}}]}<\/script>\n<!-- \/ Yoast SEO plugin. -->","yoast_head_json":{"title":"Pe\u00e7as de reposi\u00e7\u00e3o - Global Port Equipment","robots":{"index":"index","follow":"follow","max-snippet":"max-snippet:-1","max-image-preview":"max-image-preview:large","max-video-preview":"max-video-preview:-1"},"canonical":"https:\/\/globalportequipment.es\/pt-pt\/manutencao-e-pecas-de-reposicao\/pecas-de-reposicao\/","og_locale":"pt_PT","og_type":"article","og_title":"Pe\u00e7as de reposi\u00e7\u00e3o - Global Port Equipment","og_description":"Na Global Port Equipment, os acordos de parceria que temos com fabricantes e marcas incluem o fornecimento de pe\u00e7as de reposi\u00e7\u00e3o. Isto garante que podemos entregar as pe\u00e7as que voc\u00ea precisa o mais r\u00e1pido poss\u00edvel, reduzindo os custos que a sua empresa pode incorrer com o tempo de m\u00e1quina parada devido a falhas. Isso tamb\u00e9m [&hellip;]","og_url":"https:\/\/globalportequipment.es\/pt-pt\/manutencao-e-pecas-de-reposicao\/pecas-de-reposicao\/","og_site_name":"Global Port Equipment","article_modified_time":"2020-03-11T11:46:54+00:00","og_image":[{"width":970,"height":348,"url":"https:\/\/globalportequipment.es\/wp-content\/uploads\/2017\/05\/spare_parts.jpg","type":"image\/jpeg"}],"twitter_card":"summary_large_image","twitter_misc":{"Tempo estimado de leitura":"1 minuto"},"schema":{"@context":"https:\/\/schema.org","@graph":[{"@type":"WebPage","@id":"https:\/\/globalportequipment.es\/pt-pt\/manutencao-e-pecas-de-reposicao\/pecas-de-reposicao\/","url":"https:\/\/globalportequipment.es\/pt-pt\/manutencao-e-pecas-de-reposicao\/pecas-de-reposicao\/","name":"Pe\u00e7as de reposi\u00e7\u00e3o - Global Port Equipment","isPartOf":{"@id":"https:\/\/globalportequipment.es\/#website"},"primaryImageOfPage":{"@id":"https:\/\/globalportequipment.es\/pt-pt\/manutencao-e-pecas-de-reposicao\/pecas-de-reposicao\/#primaryimage"},"image":{"@id":"https:\/\/globalportequipment.es\/pt-pt\/manutencao-e-pecas-de-reposicao\/pecas-de-reposicao\/#primaryimage"},"thumbnailUrl":"https:\/\/globalportequipment.es\/wp-content\/uploads\/2017\/05\/spare_parts.jpg","datePublished":"2017-05-13T09:31:14+00:00","dateModified":"2020-03-11T11:46:54+00:00","breadcrumb":{"@id":"https:\/\/globalportequipment.es\/pt-pt\/manutencao-e-pecas-de-reposicao\/pecas-de-reposicao\/#breadcrumb"},"inLanguage":"pt-PT","potentialAction":[{"@type":"ReadAction","target":["https:\/\/globalportequipment.es\/pt-pt\/manutencao-e-pecas-de-reposicao\/pecas-de-reposicao\/"]}]},{"@type":"ImageObject","inLanguage":"pt-PT","@id":"https:\/\/globalportequipment.es\/pt-pt\/manutencao-e-pecas-de-reposicao\/pecas-de-reposicao\/#primaryimage","url":"https:\/\/globalportequipment.es\/wp-content\/uploads\/2017\/05\/spare_parts.jpg","contentUrl":"https:\/\/globalportequipment.es\/wp-content\/uploads\/2017\/05\/spare_parts.jpg","width":970,"height":348},{"@type":"BreadcrumbList","@id":"https:\/\/globalportequipment.es\/pt-pt\/manutencao-e-pecas-de-reposicao\/pecas-de-reposicao\/#breadcrumb","itemListElement":[{"@type":"ListItem","position":1,"name":"Home","item":"https:\/\/globalportequipment.es\/pt-pt\/"},{"@type":"ListItem","position":2,"name":"Manuten\u00e7\u00e3o e pe\u00e7as de reposi\u00e7\u00e3o","item":"https:\/\/globalportequipment.es\/pt-pt\/manutencao-e-pecas-de-reposicao\/"},{"@type":"ListItem","position":3,"name":"Pe\u00e7as de reposi\u00e7\u00e3o"}]},{"@type":"WebSite","@id":"https:\/\/globalportequipment.es\/#website","url":"https:\/\/globalportequipment.es\/","name":"Global Port Equipment","description":"Container handling equipment and special trailers","publisher":{"@id":"https:\/\/globalportequipment.es\/#organization"},"potentialAction":[{"@type":"SearchAction","target":{"@type":"EntryPoint","urlTemplate":"https:\/\/globalportequipment.es\/?s={search_term_string}"},"query-input":{"@type":"PropertyValueSpecification","valueRequired":true,"valueName":"search_term_string"}}],"inLanguage":"pt-PT"},{"@type":"Organization","@id":"https:\/\/globalportequipment.es\/#organization","name":"Global Port Equipment","url":"https:\/\/globalportequipment.es\/","logo":{"@type":"ImageObject","inLanguage":"pt-PT","@id":"https:\/\/globalportequipment.es\/#\/schema\/logo\/image\/","url":"https:\/\/globalportequipment.es\/wp-content\/uploads\/2019\/10\/GPELogo.jpg","contentUrl":"https:\/\/globalportequipment.es\/wp-content\/uploads\/2019\/10\/GPELogo.jpg","width":919,"height":370,"caption":"Global Port Equipment"},"image":{"@id":"https:\/\/globalportequipment.es\/#\/schema\/logo\/image\/"}}]}},"_links":{"self":[{"href":"https:\/\/globalportequipment.es\/pt-pt\/wp-json\/wp\/v2\/pages\/1856","targetHints":{"allow":["GET"]}}],"collection":[{"href":"https:\/\/globalportequipment.es\/pt-pt\/wp-json\/wp\/v2\/pages"}],"about":[{"href":"https:\/\/globalportequipment.es\/pt-pt\/wp-json\/wp\/v2\/types\/page"}],"author":[{"embeddable":true,"href":"https:\/\/globalportequipment.es\/pt-pt\/wp-json\/wp\/v2\/users\/1"}],"replies":[{"embeddable":true,"href":"https:\/\/globalportequipment.es\/pt-pt\/wp-json\/wp\/v2\/comments?post=1856"}],"version-history":[{"count":1,"href":"https:\/\/globalportequipment.es\/pt-pt\/wp-json\/wp\/v2\/pages\/1856\/revisions"}],"predecessor-version":[{"id":1857,"href":"https:\/\/globalportequipment.es\/pt-pt\/wp-json\/wp\/v2\/pages\/1856\/revisions\/1857"}],"up":[{"embeddable":true,"href":"https:\/\/globalportequipment.es\/pt-pt\/wp-json\/wp\/v2\/pages\/1853"}],"wp:featuredmedia":[{"embeddable":true,"href":"https:\/\/globalportequipment.es\/pt-pt\/wp-json\/wp\/v2\/media\/1603"}],"wp:attachment":[{"href":"https:\/\/globalportequipment.es\/pt-pt\/wp-json\/wp\/v2\/media?parent=1856"}],"curies":[{"name":"wp","href":"https:\/\/api.w.org\/{rel}","templated":true}]}}