{"id":1859,"date":"2017-05-13T11:31:52","date_gmt":"2017-05-13T09:31:52","guid":{"rendered":"https:\/\/globalportequipment.es\/manutencao-e-pecas-de-reposicao\/mecanica-de-urgencia\/"},"modified":"2020-03-11T12:47:56","modified_gmt":"2020-03-11T11:47:56","slug":"mecanica-de-emergencia","status":"publish","type":"page","link":"https:\/\/globalportequipment.es\/pt-pt\/manutencao-e-pecas-de-reposicao\/mecanica-de-emergencia\/","title":{"rendered":"Mec\u00e2nica de emerg\u00eancia"},"content":{"rendered":"<p>Na Global Port Equipment, nos esfor\u00e7amos para oferecer os mais altos n\u00edveis de servi\u00e7o aos nossos clientes. \u00c9 por isso que lan\u00e7amos uma inova\u00e7\u00e3o na ind\u00fastria de equipamentos portu\u00e1rios: a assist\u00eancia mec\u00e2nica de emerg\u00eancia.<\/p>\n<p>O nosso servi\u00e7o mec\u00e2nico de emerg\u00eancia faz parte do amplo servi\u00e7o p\u00f3s-venda que oferecemos a todos os clientes que adquirem equipamentos ou pe\u00e7as sobressalentes de n\u00f3s.<\/p>\n<h2>Servi\u00e7o p\u00f3s-venda<\/h2>\n<p>Este processo come\u00e7a na primeira vez que voc\u00ea compra uma m\u00e1quina de n\u00f3s. A m\u00e1quina ser\u00e1 entregue com todos os documentos de servi\u00e7o necess\u00e1rios para que os seus mec\u00e2nicos tenham o m\u00e1ximo de informa\u00e7\u00e3o poss\u00edvel para realizar a manuten\u00e7\u00e3o e repara\u00e7\u00f5es de forma eficaz.<\/p>\n<p>Mas \u00e0s vezes, isto por si s\u00f3 n\u00e3o \u00e9 suficiente, especialmente se o equipamento desenvolver uma falha. Nesse caso, oferecemos-lhe a nossa assist\u00eancia directa e pessoal. Em primeiro lugar, a nossa equipa de especialistas oferecer\u00e1 assist\u00eancia remota ao seu mec\u00e2nico para garantir que ele usou a pe\u00e7a sobressalente certa e para explicar o processo. Na maioria das situa\u00e7\u00f5es, isto \u00e9 suficiente para reparar a falha da m\u00e1quina, mas se n\u00e3o, oferecemos-lhe outra op\u00e7\u00e3o: o nosso servi\u00e7o de mec\u00e2nica de emerg\u00eancia.<\/p>\n<h2>Mec\u00e2nica de emerg\u00eancia<\/h2>\n<p>\u00c9 muito simples. Sabemos que uma m\u00e1quina ociosa afeta as suas margens de lucro e o n\u00edvel de servi\u00e7o que voc\u00ea pode fornecer aos seus clientes. A fim de resolver o problema em circunst\u00e2ncias como estas, oferecemos-lhe a op\u00e7\u00e3o de ter um dos nossos especialistas em mec\u00e2nica de emerg\u00eancia nas suas instala\u00e7\u00f5es. Todos eles t\u00eam vastas habilidades e experi\u00eancia na repara\u00e7\u00e3o do equipamento que fornecemos, para que voc\u00ea possa voltar a coloc\u00e1-lo em funcionamento o mais r\u00e1pido poss\u00edvel.<\/p>\n<p>Este servi\u00e7o n\u00e3o s\u00f3 o ajudar\u00e1 a reduzir as perdas decorrentes de paragens imediatas, como tamb\u00e9m poder\u00e1 beneficiar o seu neg\u00f3cio no futuro. Isto significa que o nosso mec\u00e2nico ir\u00e1 fornecer orienta\u00e7\u00e3o pr\u00e1tica nas suas instala\u00e7\u00f5es e apoio ao seu equipamento, para que possa desenvolver os seus conhecimentos e compet\u00eancias e, se o problema se repetir, poder\u00e1 corrigi-lo mais rapidamente.<\/p>\n<p>Se voc\u00ea comprou o equipamento conosco, tamb\u00e9m oferecemos servi\u00e7os de manuten\u00e7\u00e3o e suporte para ajud\u00e1-lo a instalar a pe\u00e7a sobressalente. Em certos casos, tamb\u00e9m podemos fazer visitas ao local para cuidarmos n\u00f3s mesmos da instala\u00e7\u00e3o da pe\u00e7a sobressalente.<\/p>\n<p>Nosso objetivo \u00e9 tornar o processo de fornecimento de pe\u00e7as de reposi\u00e7\u00e3o para as m\u00e1quinas essenciais do seu porto t\u00e3o eficiente, econ\u00f4mico e conveniente quanto poss\u00edvel. Voc\u00ea n\u00e3o precisa mais fazer chamadas telef\u00f4nicas e enviar dezenas de e-mails para v\u00e1rios fornecedores at\u00e9 encontrar um que possa lhe fornecer a pe\u00e7a sobressalente que voc\u00ea precisa &#8211; volte para n\u00f3s no futuro e voc\u00ea economizar\u00e1 dinheiro, al\u00e9m de obter a pe\u00e7a sobressalente certa.<\/p>\n","protected":false},"excerpt":{"rendered":"<p>Na Global Port Equipment, nos esfor\u00e7amos para oferecer os mais altos n\u00edveis de servi\u00e7o aos nossos clientes. \u00c9 por isso que lan\u00e7amos uma inova\u00e7\u00e3o na ind\u00fastria de equipamentos portu\u00e1rios: a assist\u00eancia mec\u00e2nica de emerg\u00eancia. O nosso servi\u00e7o mec\u00e2nico de emerg\u00eancia faz parte do amplo servi\u00e7o p\u00f3s-venda que oferecemos a todos os clientes que adquirem equipamentos [&hellip;]<\/p>\n","protected":false},"author":1,"featured_media":1604,"parent":1853,"menu_order":2,"comment_status":"closed","ping_status":"closed","template":"","meta":{"_acf_changed":false,"footnotes":""},"class_list":["post-1859","page","type-page","status-publish","has-post-thumbnail","hentry"],"acf":[],"yoast_head":"<!-- This site is optimized with the Yoast SEO plugin v27.3 - https:\/\/yoast.com\/product\/yoast-seo-wordpress\/ -->\n<title>Mec\u00e2nica de emerg\u00eancia - Global Port Equipment<\/title>\n<meta name=\"robots\" content=\"index, follow, max-snippet:-1, max-image-preview:large, max-video-preview:-1\" \/>\n<link rel=\"canonical\" href=\"https:\/\/globalportequipment.es\/pt-pt\/manutencao-e-pecas-de-reposicao\/mecanica-de-emergencia\/\" \/>\n<meta property=\"og:locale\" content=\"pt_PT\" \/>\n<meta property=\"og:type\" content=\"article\" \/>\n<meta property=\"og:title\" content=\"Mec\u00e2nica de emerg\u00eancia - Global Port Equipment\" \/>\n<meta property=\"og:description\" content=\"Na Global Port Equipment, nos esfor\u00e7amos para oferecer os mais altos n\u00edveis de servi\u00e7o aos nossos clientes. \u00c9 por isso que lan\u00e7amos uma inova\u00e7\u00e3o na ind\u00fastria de equipamentos portu\u00e1rios: a assist\u00eancia mec\u00e2nica de emerg\u00eancia. O nosso servi\u00e7o mec\u00e2nico de emerg\u00eancia faz parte do amplo servi\u00e7o p\u00f3s-venda que oferecemos a todos os clientes que adquirem equipamentos [&hellip;]\" \/>\n<meta property=\"og:url\" content=\"https:\/\/globalportequipment.es\/pt-pt\/manutencao-e-pecas-de-reposicao\/mecanica-de-emergencia\/\" \/>\n<meta property=\"og:site_name\" content=\"Global Port Equipment\" \/>\n<meta property=\"article:modified_time\" content=\"2020-03-11T11:47:56+00:00\" \/>\n<meta property=\"og:image\" content=\"https:\/\/globalportequipment.es\/wp-content\/uploads\/2017\/05\/flying_mechanics.jpg\" \/>\n\t<meta property=\"og:image:width\" content=\"970\" \/>\n\t<meta property=\"og:image:height\" content=\"348\" \/>\n\t<meta property=\"og:image:type\" content=\"image\/jpeg\" \/>\n<meta name=\"twitter:card\" content=\"summary_large_image\" \/>\n<meta name=\"twitter:label1\" content=\"Tempo estimado de leitura\" \/>\n\t<meta name=\"twitter:data1\" content=\"3 minutos\" \/>\n<script type=\"application\/ld+json\" class=\"yoast-schema-graph\">{\"@context\":\"https:\\\/\\\/schema.org\",\"@graph\":[{\"@type\":\"WebPage\",\"@id\":\"https:\\\/\\\/globalportequipment.es\\\/pt-pt\\\/manutencao-e-pecas-de-reposicao\\\/mecanica-de-emergencia\\\/\",\"url\":\"https:\\\/\\\/globalportequipment.es\\\/pt-pt\\\/manutencao-e-pecas-de-reposicao\\\/mecanica-de-emergencia\\\/\",\"name\":\"Mec\u00e2nica de emerg\u00eancia - Global Port Equipment\",\"isPartOf\":{\"@id\":\"https:\\\/\\\/globalportequipment.es\\\/#website\"},\"primaryImageOfPage\":{\"@id\":\"https:\\\/\\\/globalportequipment.es\\\/pt-pt\\\/manutencao-e-pecas-de-reposicao\\\/mecanica-de-emergencia\\\/#primaryimage\"},\"image\":{\"@id\":\"https:\\\/\\\/globalportequipment.es\\\/pt-pt\\\/manutencao-e-pecas-de-reposicao\\\/mecanica-de-emergencia\\\/#primaryimage\"},\"thumbnailUrl\":\"https:\\\/\\\/globalportequipment.es\\\/wp-content\\\/uploads\\\/2017\\\/05\\\/flying_mechanics.jpg\",\"datePublished\":\"2017-05-13T09:31:52+00:00\",\"dateModified\":\"2020-03-11T11:47:56+00:00\",\"breadcrumb\":{\"@id\":\"https:\\\/\\\/globalportequipment.es\\\/pt-pt\\\/manutencao-e-pecas-de-reposicao\\\/mecanica-de-emergencia\\\/#breadcrumb\"},\"inLanguage\":\"pt-PT\",\"potentialAction\":[{\"@type\":\"ReadAction\",\"target\":[\"https:\\\/\\\/globalportequipment.es\\\/pt-pt\\\/manutencao-e-pecas-de-reposicao\\\/mecanica-de-emergencia\\\/\"]}]},{\"@type\":\"ImageObject\",\"inLanguage\":\"pt-PT\",\"@id\":\"https:\\\/\\\/globalportequipment.es\\\/pt-pt\\\/manutencao-e-pecas-de-reposicao\\\/mecanica-de-emergencia\\\/#primaryimage\",\"url\":\"https:\\\/\\\/globalportequipment.es\\\/wp-content\\\/uploads\\\/2017\\\/05\\\/flying_mechanics.jpg\",\"contentUrl\":\"https:\\\/\\\/globalportequipment.es\\\/wp-content\\\/uploads\\\/2017\\\/05\\\/flying_mechanics.jpg\",\"width\":970,\"height\":348},{\"@type\":\"BreadcrumbList\",\"@id\":\"https:\\\/\\\/globalportequipment.es\\\/pt-pt\\\/manutencao-e-pecas-de-reposicao\\\/mecanica-de-emergencia\\\/#breadcrumb\",\"itemListElement\":[{\"@type\":\"ListItem\",\"position\":1,\"name\":\"Home\",\"item\":\"https:\\\/\\\/globalportequipment.es\\\/pt-pt\\\/\"},{\"@type\":\"ListItem\",\"position\":2,\"name\":\"Manuten\u00e7\u00e3o e pe\u00e7as de reposi\u00e7\u00e3o\",\"item\":\"https:\\\/\\\/globalportequipment.es\\\/pt-pt\\\/manutencao-e-pecas-de-reposicao\\\/\"},{\"@type\":\"ListItem\",\"position\":3,\"name\":\"Mec\u00e2nica de emerg\u00eancia\"}]},{\"@type\":\"WebSite\",\"@id\":\"https:\\\/\\\/globalportequipment.es\\\/#website\",\"url\":\"https:\\\/\\\/globalportequipment.es\\\/\",\"name\":\"Global Port Equipment\",\"description\":\"Container handling equipment and special trailers\",\"publisher\":{\"@id\":\"https:\\\/\\\/globalportequipment.es\\\/#organization\"},\"potentialAction\":[{\"@type\":\"SearchAction\",\"target\":{\"@type\":\"EntryPoint\",\"urlTemplate\":\"https:\\\/\\\/globalportequipment.es\\\/?s={search_term_string}\"},\"query-input\":{\"@type\":\"PropertyValueSpecification\",\"valueRequired\":true,\"valueName\":\"search_term_string\"}}],\"inLanguage\":\"pt-PT\"},{\"@type\":\"Organization\",\"@id\":\"https:\\\/\\\/globalportequipment.es\\\/#organization\",\"name\":\"Global Port Equipment\",\"url\":\"https:\\\/\\\/globalportequipment.es\\\/\",\"logo\":{\"@type\":\"ImageObject\",\"inLanguage\":\"pt-PT\",\"@id\":\"https:\\\/\\\/globalportequipment.es\\\/#\\\/schema\\\/logo\\\/image\\\/\",\"url\":\"https:\\\/\\\/globalportequipment.es\\\/wp-content\\\/uploads\\\/2019\\\/10\\\/GPELogo.jpg\",\"contentUrl\":\"https:\\\/\\\/globalportequipment.es\\\/wp-content\\\/uploads\\\/2019\\\/10\\\/GPELogo.jpg\",\"width\":919,\"height\":370,\"caption\":\"Global Port Equipment\"},\"image\":{\"@id\":\"https:\\\/\\\/globalportequipment.es\\\/#\\\/schema\\\/logo\\\/image\\\/\"}}]}<\/script>\n<!-- \/ Yoast SEO plugin. -->","yoast_head_json":{"title":"Mec\u00e2nica de emerg\u00eancia - Global Port Equipment","robots":{"index":"index","follow":"follow","max-snippet":"max-snippet:-1","max-image-preview":"max-image-preview:large","max-video-preview":"max-video-preview:-1"},"canonical":"https:\/\/globalportequipment.es\/pt-pt\/manutencao-e-pecas-de-reposicao\/mecanica-de-emergencia\/","og_locale":"pt_PT","og_type":"article","og_title":"Mec\u00e2nica de emerg\u00eancia - Global Port Equipment","og_description":"Na Global Port Equipment, nos esfor\u00e7amos para oferecer os mais altos n\u00edveis de servi\u00e7o aos nossos clientes. \u00c9 por isso que lan\u00e7amos uma inova\u00e7\u00e3o na ind\u00fastria de equipamentos portu\u00e1rios: a assist\u00eancia mec\u00e2nica de emerg\u00eancia. O nosso servi\u00e7o mec\u00e2nico de emerg\u00eancia faz parte do amplo servi\u00e7o p\u00f3s-venda que oferecemos a todos os clientes que adquirem equipamentos [&hellip;]","og_url":"https:\/\/globalportequipment.es\/pt-pt\/manutencao-e-pecas-de-reposicao\/mecanica-de-emergencia\/","og_site_name":"Global Port Equipment","article_modified_time":"2020-03-11T11:47:56+00:00","og_image":[{"width":970,"height":348,"url":"https:\/\/globalportequipment.es\/wp-content\/uploads\/2017\/05\/flying_mechanics.jpg","type":"image\/jpeg"}],"twitter_card":"summary_large_image","twitter_misc":{"Tempo estimado de leitura":"3 minutos"},"schema":{"@context":"https:\/\/schema.org","@graph":[{"@type":"WebPage","@id":"https:\/\/globalportequipment.es\/pt-pt\/manutencao-e-pecas-de-reposicao\/mecanica-de-emergencia\/","url":"https:\/\/globalportequipment.es\/pt-pt\/manutencao-e-pecas-de-reposicao\/mecanica-de-emergencia\/","name":"Mec\u00e2nica de emerg\u00eancia - Global Port Equipment","isPartOf":{"@id":"https:\/\/globalportequipment.es\/#website"},"primaryImageOfPage":{"@id":"https:\/\/globalportequipment.es\/pt-pt\/manutencao-e-pecas-de-reposicao\/mecanica-de-emergencia\/#primaryimage"},"image":{"@id":"https:\/\/globalportequipment.es\/pt-pt\/manutencao-e-pecas-de-reposicao\/mecanica-de-emergencia\/#primaryimage"},"thumbnailUrl":"https:\/\/globalportequipment.es\/wp-content\/uploads\/2017\/05\/flying_mechanics.jpg","datePublished":"2017-05-13T09:31:52+00:00","dateModified":"2020-03-11T11:47:56+00:00","breadcrumb":{"@id":"https:\/\/globalportequipment.es\/pt-pt\/manutencao-e-pecas-de-reposicao\/mecanica-de-emergencia\/#breadcrumb"},"inLanguage":"pt-PT","potentialAction":[{"@type":"ReadAction","target":["https:\/\/globalportequipment.es\/pt-pt\/manutencao-e-pecas-de-reposicao\/mecanica-de-emergencia\/"]}]},{"@type":"ImageObject","inLanguage":"pt-PT","@id":"https:\/\/globalportequipment.es\/pt-pt\/manutencao-e-pecas-de-reposicao\/mecanica-de-emergencia\/#primaryimage","url":"https:\/\/globalportequipment.es\/wp-content\/uploads\/2017\/05\/flying_mechanics.jpg","contentUrl":"https:\/\/globalportequipment.es\/wp-content\/uploads\/2017\/05\/flying_mechanics.jpg","width":970,"height":348},{"@type":"BreadcrumbList","@id":"https:\/\/globalportequipment.es\/pt-pt\/manutencao-e-pecas-de-reposicao\/mecanica-de-emergencia\/#breadcrumb","itemListElement":[{"@type":"ListItem","position":1,"name":"Home","item":"https:\/\/globalportequipment.es\/pt-pt\/"},{"@type":"ListItem","position":2,"name":"Manuten\u00e7\u00e3o e pe\u00e7as de reposi\u00e7\u00e3o","item":"https:\/\/globalportequipment.es\/pt-pt\/manutencao-e-pecas-de-reposicao\/"},{"@type":"ListItem","position":3,"name":"Mec\u00e2nica de emerg\u00eancia"}]},{"@type":"WebSite","@id":"https:\/\/globalportequipment.es\/#website","url":"https:\/\/globalportequipment.es\/","name":"Global Port Equipment","description":"Container handling equipment and special trailers","publisher":{"@id":"https:\/\/globalportequipment.es\/#organization"},"potentialAction":[{"@type":"SearchAction","target":{"@type":"EntryPoint","urlTemplate":"https:\/\/globalportequipment.es\/?s={search_term_string}"},"query-input":{"@type":"PropertyValueSpecification","valueRequired":true,"valueName":"search_term_string"}}],"inLanguage":"pt-PT"},{"@type":"Organization","@id":"https:\/\/globalportequipment.es\/#organization","name":"Global Port Equipment","url":"https:\/\/globalportequipment.es\/","logo":{"@type":"ImageObject","inLanguage":"pt-PT","@id":"https:\/\/globalportequipment.es\/#\/schema\/logo\/image\/","url":"https:\/\/globalportequipment.es\/wp-content\/uploads\/2019\/10\/GPELogo.jpg","contentUrl":"https:\/\/globalportequipment.es\/wp-content\/uploads\/2019\/10\/GPELogo.jpg","width":919,"height":370,"caption":"Global Port Equipment"},"image":{"@id":"https:\/\/globalportequipment.es\/#\/schema\/logo\/image\/"}}]}},"_links":{"self":[{"href":"https:\/\/globalportequipment.es\/pt-pt\/wp-json\/wp\/v2\/pages\/1859","targetHints":{"allow":["GET"]}}],"collection":[{"href":"https:\/\/globalportequipment.es\/pt-pt\/wp-json\/wp\/v2\/pages"}],"about":[{"href":"https:\/\/globalportequipment.es\/pt-pt\/wp-json\/wp\/v2\/types\/page"}],"author":[{"embeddable":true,"href":"https:\/\/globalportequipment.es\/pt-pt\/wp-json\/wp\/v2\/users\/1"}],"replies":[{"embeddable":true,"href":"https:\/\/globalportequipment.es\/pt-pt\/wp-json\/wp\/v2\/comments?post=1859"}],"version-history":[{"count":1,"href":"https:\/\/globalportequipment.es\/pt-pt\/wp-json\/wp\/v2\/pages\/1859\/revisions"}],"predecessor-version":[{"id":1860,"href":"https:\/\/globalportequipment.es\/pt-pt\/wp-json\/wp\/v2\/pages\/1859\/revisions\/1860"}],"up":[{"embeddable":true,"href":"https:\/\/globalportequipment.es\/pt-pt\/wp-json\/wp\/v2\/pages\/1853"}],"wp:featuredmedia":[{"embeddable":true,"href":"https:\/\/globalportequipment.es\/pt-pt\/wp-json\/wp\/v2\/media\/1604"}],"wp:attachment":[{"href":"https:\/\/globalportequipment.es\/pt-pt\/wp-json\/wp\/v2\/media?parent=1859"}],"curies":[{"name":"wp","href":"https:\/\/api.w.org\/{rel}","templated":true}]}}